{"id":1442,"date":"2026-01-20T12:08:23","date_gmt":"2026-01-20T12:08:23","guid":{"rendered":"https:\/\/bonuskongcasino.com\/app-2\/"},"modified":"2026-02-25T08:27:37","modified_gmt":"2026-02-25T08:27:37","slug":"app","status":"publish","type":"page","link":"https:\/\/rollambiaonline.com\/de\/app\/","title":{"rendered":"App"},"content":{"rendered":"<h1>Rollambia Mobile Plattform<\/h1>\n<p>Die Rollambia-App funktioniert auf Mobilger\u00e4ten und legt den Schwerpunkt auf reibungslose Funktionalit\u00e4t. Sie bietet Zugriff auf die Spielbibliothek der Plattform, darunter Spielautomaten, Tischspiele, Rubbellose und Live-Dealer-Optionen. Die mobile Version erf\u00fcllt die Sicherheitsstandards und verf\u00fcgt gleichzeitig \u00fcber eine \u00fcbersichtliche Benutzeroberfl\u00e4che f\u00fcr die Navigation per Touchscreen.<\/p>\n<p>Spieler k\u00f6nnen \u00fcber ihr Smartphone oder Tablet auf ihr Konto zugreifen, Einzahlungen verwalten und Spiele spielen. Die App unterst\u00fctzt moderne Mobiltechnologie, um sicherzustellen, dass das Spiel auf verschiedenen Ger\u00e4ten reibungslos funktioniert.<\/p>\n<div class=\"banner-wrap\" aria-label=\"Banner\"><img src=\"https:\/\/rollambiaonline.com\/wp-content\/uploads\/2026\/02\/Rollambia-banner-desktop.webp\" class=\"w-100 d-none d-lg-block img-pc main-banner-img\" alt=\"Rollambia banner desktop\" fetchpriority=\"high\" decoding=\"async\"><img src=\"https:\/\/rollambiaonline.com\/wp-content\/uploads\/2026\/02\/Rollambia-banner-mobile.webp\" class=\"w-100 d-none d-md-block d-lg-none main-banner-img\" alt=\"Rollambia banner mobile\" fetchpriority=\"high\" decoding=\"async\"><img src=\"https:\/\/rollambiaonline.com\/wp-content\/uploads\/2026\/02\/Rollambia-banner-mobile.webp\" class=\"w-100 d-md-none\" alt=\"Rollambia banner mobile\" fetchpriority=\"high\" decoding=\"async\"><div class=\"banner-description\">\n<div class=\"banner-title\">Willkommensboni<\/div>\n<p class=\"banner-header-title\">1500 \u20ac<\/p>\n<div class=\"banner-header-AdditionalText\">+ 250 Freispiele<\/div>\n<button data-item=\"homepage_banner_link\" class=\"goto m-button m-gradient-border m-button--primary m-button--large banner-button btn-orange\">\n            <div class=\"m-button-content\">\n                <span>Jetzt anmelden<\/span>\n                <span><\/span>\n            <\/div>\n        <\/button>\n<\/div>\n<div class=\"WelcomePack\">\n<p><img loading=\"lazy\" decoding=\"async\" class=\"alignnone size-full wp-image-1847\" src=\"https:\/\/rollambiaonline.com\/wp-content\/uploads\/2026\/02\/welcome-crown.png\" alt=\"welcome crown\" width=\"25\" height=\"26\" \/><\/p>\n<div class=\"WelcomePack-Info\">W\u00f6chentlicher Cashback von bis zu 25 %<\/div>\n<p><img loading=\"lazy\" decoding=\"async\" class=\"alignnone size-full wp-image-1847\" src=\"https:\/\/rollambiaonline.com\/wp-content\/uploads\/2026\/02\/welcome-crown.png\" alt=\"welcome crown\" width=\"25\" height=\"26\" \/><\/p>\n<\/div>\n<\/div>\n<h2>Rollambia auf Mobilger\u00e4ten verwenden<\/h2>\n<p>Die spezielle App bietet einige Vorteile gegen\u00fcber dem browserbasierten Spielen. Die Ladezeiten sind in der Regel k\u00fcrzer und die Leistung bleibt konstanter, da die App speziell f\u00fcr mobile Hardware optimiert ist. Die Navigation funktioniert reibungslos mit Touch-Steuerung, sodass Spiele leichter zu finden und Einstellungen einfacher anzupassen sind.<\/p>\n<p>Zu den Sicherheitsfunktionen geh\u00f6ren Transaktionsbenachrichtigungen und Anmeldebenachrichtigungen, die zum Schutz Ihrer Kontoinformationen beitragen. Die App weist im Vergleich zum Spielen \u00fcber einen mobilen Browser in der Regel weniger Verz\u00f6gerungen auf und es kommt zu weniger Unterbrechungen w\u00e4hrend der Spielsitzungen.<\/p>\n<p>Die App verf\u00fcgt \u00fcber Funktionen wie Kontoverifizierung, Live-Chat-Support und Echtzeit-Spielsynchronisierung. Das bedeutet, dass Sie Einzahlungen vornehmen, den Support kontaktieren und Ihr Konto verwalten k\u00f6nnen, ohne zwischen verschiedenen Anwendungen wechseln zu m\u00fcssen. Die Benutzeroberfl\u00e4che passt sich an verschiedene Bildschirmgr\u00f6\u00dfen auf Smartphones und Tablets an.<\/p>\n<p>Wichtige Punkte zur Rollambia-App:<\/p>\n<ul>\n<li>Kontoverwaltung, Einzahlungen und Support-Zugang funktionieren alle innerhalb der App selbst.<\/li>\n<li>Die Leistung bleibt im Vergleich zum Spielen \u00fcber einen mobilen Browser stabiler.<\/li>\n<li>Die Benutzeroberfl\u00e4che passt sich an verschiedene Bildschirmgr\u00f6\u00dfen von Smartphones und Tablets an, um die Bedienung zu vereinfachen.<\/li>\n<li>Datenschutzma\u00dfnahmen sind in die App-Struktur integriert.<\/li>\n<\/ul>\n<p><div class=\"scrollable-content-wrap my-5\"><div class=\"scrollable-content-inner\"><h2>Rollambia Android-App<\/h2>\n<p>Die Android-Version von Rollambia nutzt die Progressive Web App (PWA)-Technologie anstelle herk\u00f6mmlicher APK-Dateien. Durch diesen Ansatz m\u00fcssen keine gro\u00dfen Installationsdateien direkt auf Ihr Ger\u00e4t heruntergeladen werden, was den Vorgang vereinfacht und potenziell sicherer macht.<\/p>\n<p>Sie k\u00f6nnen \u00fcber Android-Browser wie Firefox oder Chrome auf die PWA zugreifen. Mit einem Fingertipp k\u00f6nnen Sie sie zu Ihrem Startbildschirm hinzuf\u00fcgen, wo sie dann \u00e4hnlich wie eine Standard-App funktioniert. Die Ladezeiten sind kurz, und einige Funktionen sind auch offline verf\u00fcgbar.<\/p>\n<p>Da es sich nicht um eine APK handelt, erfolgen Updates automatisch \u00fcber Ihren Browser. Sie m\u00fcssen neue Versionen nicht manuell herunterladen \u2013 die App bleibt von selbst auf dem neuesten Stand mit neuen Funktionen und Sicherheitsverbesserungen. Das PWA-Format ben\u00f6tigt weniger Speicherplatz, was bei Ger\u00e4ten mit begrenzter Kapazit\u00e4t von Vorteil ist. Alle Kernfunktionen funktionieren auf der PWA, einschlie\u00dflich Verifizierung, sichere Transaktionen und Live-Chat.<\/p>\n<p><img loading=\"lazy\" decoding=\"async\" class=\"alignnone size-full wp-image-1999\" src=\"https:\/\/rollambiaonline.com\/wp-content\/uploads\/2026\/02\/Rollambia-Android.webp\" alt=\"Rollambia Android\" width=\"1248\" height=\"536\" srcset=\"https:\/\/rollambiaonline.com\/wp-content\/uploads\/2026\/02\/Rollambia-Android.webp 1248w, https:\/\/rollambiaonline.com\/wp-content\/uploads\/2026\/02\/Rollambia-Android-300x129.webp 300w, https:\/\/rollambiaonline.com\/wp-content\/uploads\/2026\/02\/Rollambia-Android-1024x440.webp 1024w, https:\/\/rollambiaonline.com\/wp-content\/uploads\/2026\/02\/Rollambia-Android-768x330.webp 768w\" sizes=\"auto, (max-width: 1248px) 100vw, 1248px\" \/><\/p>\n<\/div><\/div><div style=\"clear: both\"><\/div><div class=\"d-flex justify-content-center\"><button data-item=\"decouvrez_link\" data-group=\"website_links\" class=\"goto fw-bold rounded-pill btn btn-orange\" aria-label=\"Laden Sie die Rollambia-App herunter\" >Laden Sie die Rollambia-App herunter<\/button><\/div><div class=\"scrollable-content-wrap my-5\"><div class=\"scrollable-content-inner\"><h2>Rollambia iOS Mobile App<\/h2>\n<p>iOS-Nutzer k\u00f6nnen \u00fcber mobile Browser wie Safari auf Rollambia zugreifen. Sie k\u00f6nnen die Plattform f\u00fcr einen schnelleren Zugriff zu Ihrem Startbildschirm hinzuf\u00fcgen. So geht&#8217;s:<\/p>\n<ul>\n<li>Finden Sie den Fu\u00dfbereich auf der Website.<\/li>\n<li>Tippen Sie auf die Schaltfl\u00e4che \u201eCasino-App\u201c, um die Installation zu starten.<\/li>\n<li>Nach der Installation funktioniert sie wie eine normale App.<\/li>\n<\/ul>\n<p>Nach der Einrichtung erhalten Sie vollen Zugriff auf die Spielbibliothek, die Kontoverwaltung und den Live-Chat. Die webbasierte App bietet eine sichere Erfahrung, \u00e4hnlich wie die Desktop-Version. Zu den Funktionen geh\u00f6ren Echtzeit-Spielsynchronisation, sichere Einzahlungen und Kontoverifizierung. Das Design passt sich iOS-Ger\u00e4ten an, um ein reibungsloses Spielerlebnis zu gew\u00e4hrleisten.<\/p>\n<p><img loading=\"lazy\" decoding=\"async\" class=\"alignnone size-full wp-image-2015\" src=\"https:\/\/rollambiaonline.com\/wp-content\/uploads\/2026\/02\/Rollambia-iOS.webp\" alt=\"Rollambia iOS\" width=\"1248\" height=\"536\" srcset=\"https:\/\/rollambiaonline.com\/wp-content\/uploads\/2026\/02\/Rollambia-iOS.webp 1248w, https:\/\/rollambiaonline.com\/wp-content\/uploads\/2026\/02\/Rollambia-iOS-300x129.webp 300w, https:\/\/rollambiaonline.com\/wp-content\/uploads\/2026\/02\/Rollambia-iOS-1024x440.webp 1024w, https:\/\/rollambiaonline.com\/wp-content\/uploads\/2026\/02\/Rollambia-iOS-768x330.webp 768w\" sizes=\"auto, (max-width: 1248px) 100vw, 1248px\" \/><\/p>\n<\/div><\/div><div style=\"clear: both\"><\/div><div class=\"d-flex justify-content-center\"><button data-item=\"decouvrez_link\" data-group=\"website_links\" class=\"goto fw-bold rounded-pill btn btn-orange\" aria-label=\"Rollambia herunterladen\" >Rollambia herunterladen<\/button><\/div><div class=\"scrollable-content-wrap my-5\"><div class=\"scrollable-content-inner\"><h2>Windows- und macOS-Anwendungen<\/h2>\n<p>Desktop-Benutzer unter Windows oder macOS k\u00f6nnen auf Rollambia zugreifen, ohne separate Software installieren zu m\u00fcssen. Die Plattform funktioniert \u00fcber Ihren Browser und bietet die M\u00f6glichkeit, Desktop-Verkn\u00fcpfungen zu erstellen:<\/p>\n<ol>\n<li>Mac-Benutzer: Verwenden Sie Safari oder Chrome und w\u00e4hlen Sie dann die Men\u00fcoption \u201eHinzuf\u00fcgen\u201c.<\/li>\n<li>Windows-Benutzer: \u00d6ffnen Sie Ihren Browser, navigieren Sie zur Rollambia-Homepage, klicken Sie auf das Drei-Punkte-Men\u00fc und w\u00e4hlen Sie \u201eZum Desktop hinzuf\u00fcgen\u201c.<\/li>\n<\/ol>\n<table>\n<tbody>\n<tr>\n<td>Funktion<\/td>\n<td>Desktop Version<\/td>\n<td>Vorteile<\/td>\n<\/tr>\n<tr>\n<td>Spielerlebnis<\/td>\n<td>Verbessert durch detaillierte Grafiken und einfache Navigation<\/td>\n<td>Hochwertige Grafik und eine benutzerfreundliche Oberfl\u00e4che<\/td>\n<\/tr>\n<tr>\n<td>Live-Chat-Dienste<\/td>\n<td>Verf\u00fcgbar<\/td>\n<td>Sofortige Unterst\u00fctzung und Hilfe<\/td>\n<\/tr>\n<tr>\n<td>Sichere Kontoverwaltung<\/td>\n<td>Ja<\/td>\n<td>Sch\u00fctzt Benutzerkonten und Finanzdaten<\/td>\n<\/tr>\n<tr>\n<td>Verifizierungsverfahren<\/td>\n<td>Vor dem R\u00fcckzug<\/td>\n<td>Gew\u00e4hrleistet Sicherheit und ordnungsgem\u00e4\u00dfe Kontoverwaltung<\/td>\n<\/tr>\n<\/tbody>\n<\/table>\n<p><img loading=\"lazy\" decoding=\"async\" class=\"alignnone size-full wp-image-2007\" src=\"https:\/\/rollambiaonline.com\/wp-content\/uploads\/2026\/02\/Rollambia-Desktop.webp\" alt=\"Rollambia Desktop\" width=\"1248\" height=\"536\" srcset=\"https:\/\/rollambiaonline.com\/wp-content\/uploads\/2026\/02\/Rollambia-Desktop.webp 1248w, https:\/\/rollambiaonline.com\/wp-content\/uploads\/2026\/02\/Rollambia-Desktop-300x129.webp 300w, https:\/\/rollambiaonline.com\/wp-content\/uploads\/2026\/02\/Rollambia-Desktop-1024x440.webp 1024w, https:\/\/rollambiaonline.com\/wp-content\/uploads\/2026\/02\/Rollambia-Desktop-768x330.webp 768w\" sizes=\"auto, (max-width: 1248px) 100vw, 1248px\" \/><\/p>\n<\/div><\/div><div style=\"clear: both\"><\/div><div class=\"d-flex justify-content-center\"><button data-item=\"decouvrez_link\" data-group=\"website_links\" class=\"goto fw-bold rounded-pill btn btn-orange\" aria-label=\"Laden Sie die Rollambia-App herunter\" >Laden Sie die Rollambia-App herunter<\/button><\/div><div class=\"scrollable-content-wrap my-5\"><div class=\"scrollable-content-inner\"><h2>FAQ<\/h2>\n<h3>Wie kann ich die Rollambia Casino App aktualisieren?<\/h3>\n<p>Die Rollambia-App, insbesondere die PWA-Version, wird automatisch \u00fcber Ihren Browser aktualisiert. Das bedeutet, dass Sie ohne manuelles Eingreifen immer \u00fcber die aktuellen Funktionen und Sicherheitspatches verf\u00fcgen. Desktop-Verkn\u00fcpfungen verbinden sich mit der neuesten Online-Version, sodass keine separaten Updates erforderlich sind. Der Aktualisierungsvorgang l\u00e4uft im Hintergrund ab, ohne dass eine Neuinstallation erforderlich ist.<\/p>\n<h3>Bietet die Rollambia Casino App Kundensupport?<\/h3>\n<p>Der Live-Chat-Support funktioniert innerhalb der App und erm\u00f6glicht Ihnen direkten Kontakt zum Support-Team. Dank der Verf\u00fcgbarkeit rund um die Uhr k\u00f6nnen Sie jederzeit Hilfe bei technischen Problemen oder Fragen zu Ihrem Konto erhalten, unabh\u00e4ngig von Ihrer Zeitzone.<\/p>\n<h3>Ist f\u00fcr die Nutzung der Rollambia-App die Erstellung eines Kontos erforderlich?<\/h3>\n<p>Sie ben\u00f6tigen ein Konto, um auf das gesamte Spielangebot zugreifen, Einzahlungen verwalten und die Verifizierung abschlie\u00dfen zu k\u00f6nnen. Die Registrierung erfolgt entweder \u00fcber die App oder die Website. \u00dcber die App-Oberfl\u00e4che l\u00e4sst sich die Anmeldung oft schneller durchf\u00fchren als \u00fcber einen Desktop-Computer.<\/p>\n<\/div><\/div><\/p>\n","protected":false},"excerpt":{"rendered":"<p>Rollambia Mobile Plattform Die Rollambia-App funktioniert auf Mobilger\u00e4ten und legt den Schwerpunkt auf reibungslose Funktionalit\u00e4t. Sie bietet Zugriff auf die Spielbibliothek der Plattform, darunter Spielautomaten, Tischspiele, Rubbellose und Live-Dealer-Optionen. Die mobile Version erf\u00fcllt die Sicherheitsstandards und verf\u00fcgt gleichzeitig \u00fcber eine \u00fcbersichtliche Benutzeroberfl\u00e4che f\u00fcr die Navigation per Touchscreen. Spieler k\u00f6nnen \u00fcber ihr Smartphone oder Tablet auf [&hellip;]<\/p>\n","protected":false},"author":1,"featured_media":0,"parent":0,"menu_order":0,"comment_status":"closed","ping_status":"closed","template":"template-builder.php","meta":{"_acf_changed":false,"inline_featured_image":false,"footnotes":""},"class_list":["post-1442","page","type-page","status-publish","hentry"],"acf":[],"yoast_head":"<!-- This site is optimized with the Yoast SEO plugin v27.3 - https:\/\/yoast.com\/product\/yoast-seo-wordpress\/ -->\n<title>Rollambia App f\u00fcr mobile Betriebssysteme | Download \u2013 iOS, Android<\/title>\n<meta name=\"description\" content=\"Installieren Sie die Rollambia Slots App auf iOS, Android, Windows und macOS, um \u00fcber 6000 Casinospiele \u00fcberall zu spielen. Reibungslose Leistung, Kontosynchronisierung und Support rund um die Uhr \u2013 alles in Rollambia.\" \/>\n<meta name=\"robots\" content=\"index, follow, max-snippet:-1, max-image-preview:large, max-video-preview:-1\" \/>\n<link rel=\"canonical\" href=\"https:\/\/rollambiaonline.com\/de\/app\/\" \/>\n<meta property=\"og:locale\" content=\"de_DE\" \/>\n<meta property=\"og:type\" content=\"article\" \/>\n<meta property=\"og:title\" content=\"Rollambia App f\u00fcr mobile Betriebssysteme | Download \u2013 iOS, Android\" \/>\n<meta property=\"og:description\" content=\"Installieren Sie die Rollambia Slots App auf iOS, Android, Windows und macOS, um \u00fcber 6000 Casinospiele \u00fcberall zu spielen. Reibungslose Leistung, Kontosynchronisierung und Support rund um die Uhr \u2013 alles in Rollambia.\" \/>\n<meta property=\"og:url\" content=\"https:\/\/rollambiaonline.com\/de\/app\/\" \/>\n<meta property=\"og:site_name\" content=\"rollambia\" \/>\n<meta property=\"article:modified_time\" content=\"2026-02-25T08:27:37+00:00\" \/>\n<meta name=\"twitter:card\" content=\"summary_large_image\" \/>\n<meta name=\"twitter:label1\" content=\"Gesch\u00e4tzte Lesezeit\" \/>\n\t<meta name=\"twitter:data1\" content=\"2\u00a0Minuten\" \/>\n<script type=\"application\/ld+json\" class=\"yoast-schema-graph\">{\"@context\":\"https:\\\/\\\/schema.org\",\"@graph\":[{\"@type\":\"WebPage\",\"@id\":\"https:\\\/\\\/rollambiaonline.com\\\/de\\\/app\\\/\",\"url\":\"https:\\\/\\\/rollambiaonline.com\\\/de\\\/app\\\/\",\"name\":\"Rollambia App f\u00fcr mobile Betriebssysteme | Download \u2013 iOS, Android\",\"isPartOf\":{\"@id\":\"https:\\\/\\\/rollambiaonline.com\\\/de\\\/#website\"},\"datePublished\":\"2026-01-20T12:08:23+00:00\",\"dateModified\":\"2026-02-25T08:27:37+00:00\",\"description\":\"Installieren Sie die Rollambia Slots App auf iOS, Android, Windows und macOS, um \u00fcber 6000 Casinospiele \u00fcberall zu spielen. Reibungslose Leistung, Kontosynchronisierung und Support rund um die Uhr \u2013 alles in Rollambia.\",\"breadcrumb\":{\"@id\":\"https:\\\/\\\/rollambiaonline.com\\\/de\\\/app\\\/#breadcrumb\"},\"inLanguage\":\"de\",\"potentialAction\":[{\"@type\":\"ReadAction\",\"target\":[\"https:\\\/\\\/rollambiaonline.com\\\/de\\\/app\\\/\"]}]},{\"@type\":\"BreadcrumbList\",\"@id\":\"https:\\\/\\\/rollambiaonline.com\\\/de\\\/app\\\/#breadcrumb\",\"itemListElement\":[{\"@type\":\"ListItem\",\"position\":1,\"name\":\"Rollambia\",\"item\":\"https:\\\/\\\/rollambiaonline.com\\\/de\\\/\"},{\"@type\":\"ListItem\",\"position\":2,\"name\":\"App\"}]},{\"@type\":\"WebSite\",\"@id\":\"https:\\\/\\\/rollambiaonline.com\\\/de\\\/#website\",\"url\":\"https:\\\/\\\/rollambiaonline.com\\\/de\\\/\",\"name\":\"Rollambia\",\"description\":\"\",\"publisher\":{\"@id\":\"https:\\\/\\\/rollambiaonline.com\\\/de\\\/#organization\"},\"potentialAction\":[{\"@type\":\"SearchAction\",\"target\":{\"@type\":\"EntryPoint\",\"urlTemplate\":\"https:\\\/\\\/rollambiaonline.com\\\/de\\\/?s={search_term_string}\"},\"query-input\":{\"@type\":\"PropertyValueSpecification\",\"valueRequired\":true,\"valueName\":\"search_term_string\"}}],\"inLanguage\":\"de\"},{\"@type\":\"Organization\",\"@id\":\"https:\\\/\\\/rollambiaonline.com\\\/de\\\/#organization\",\"name\":\"Rollambia\",\"url\":\"https:\\\/\\\/rollambiaonline.com\\\/de\\\/\",\"logo\":{\"@type\":\"ImageObject\",\"inLanguage\":\"de\",\"@id\":\"https:\\\/\\\/rollambiaonline.com\\\/de\\\/#\\\/schema\\\/logo\\\/image\\\/\",\"url\":\"https:\\\/\\\/rollambiaonline.com\\\/wp-content\\\/uploads\\\/2026\\\/02\\\/Rollambia-logo.png\",\"contentUrl\":\"https:\\\/\\\/rollambiaonline.com\\\/wp-content\\\/uploads\\\/2026\\\/02\\\/Rollambia-logo.png\",\"width\":160,\"height\":40,\"caption\":\"Rollambia\"},\"image\":{\"@id\":\"https:\\\/\\\/rollambiaonline.com\\\/de\\\/#\\\/schema\\\/logo\\\/image\\\/\"}}]}<\/script>\n<!-- \/ Yoast SEO plugin. -->","yoast_head_json":{"title":"Rollambia App f\u00fcr mobile Betriebssysteme | Download \u2013 iOS, Android","description":"Installieren Sie die Rollambia Slots App auf iOS, Android, Windows und macOS, um \u00fcber 6000 Casinospiele \u00fcberall zu spielen. Reibungslose Leistung, Kontosynchronisierung und Support rund um die Uhr \u2013 alles in Rollambia.","robots":{"index":"index","follow":"follow","max-snippet":"max-snippet:-1","max-image-preview":"max-image-preview:large","max-video-preview":"max-video-preview:-1"},"canonical":"https:\/\/rollambiaonline.com\/de\/app\/","og_locale":"de_DE","og_type":"article","og_title":"Rollambia App f\u00fcr mobile Betriebssysteme | Download \u2013 iOS, Android","og_description":"Installieren Sie die Rollambia Slots App auf iOS, Android, Windows und macOS, um \u00fcber 6000 Casinospiele \u00fcberall zu spielen. Reibungslose Leistung, Kontosynchronisierung und Support rund um die Uhr \u2013 alles in Rollambia.","og_url":"https:\/\/rollambiaonline.com\/de\/app\/","og_site_name":"rollambia","article_modified_time":"2026-02-25T08:27:37+00:00","twitter_card":"summary_large_image","twitter_misc":{"Gesch\u00e4tzte Lesezeit":"2\u00a0Minuten"},"schema":{"@context":"https:\/\/schema.org","@graph":[{"@type":"WebPage","@id":"https:\/\/rollambiaonline.com\/de\/app\/","url":"https:\/\/rollambiaonline.com\/de\/app\/","name":"Rollambia App f\u00fcr mobile Betriebssysteme | Download \u2013 iOS, Android","isPartOf":{"@id":"https:\/\/rollambiaonline.com\/de\/#website"},"datePublished":"2026-01-20T12:08:23+00:00","dateModified":"2026-02-25T08:27:37+00:00","description":"Installieren Sie die Rollambia Slots App auf iOS, Android, Windows und macOS, um \u00fcber 6000 Casinospiele \u00fcberall zu spielen. Reibungslose Leistung, Kontosynchronisierung und Support rund um die Uhr \u2013 alles in Rollambia.","breadcrumb":{"@id":"https:\/\/rollambiaonline.com\/de\/app\/#breadcrumb"},"inLanguage":"de","potentialAction":[{"@type":"ReadAction","target":["https:\/\/rollambiaonline.com\/de\/app\/"]}]},{"@type":"BreadcrumbList","@id":"https:\/\/rollambiaonline.com\/de\/app\/#breadcrumb","itemListElement":[{"@type":"ListItem","position":1,"name":"Rollambia","item":"https:\/\/rollambiaonline.com\/de\/"},{"@type":"ListItem","position":2,"name":"App"}]},{"@type":"WebSite","@id":"https:\/\/rollambiaonline.com\/de\/#website","url":"https:\/\/rollambiaonline.com\/de\/","name":"Rollambia","description":"","publisher":{"@id":"https:\/\/rollambiaonline.com\/de\/#organization"},"potentialAction":[{"@type":"SearchAction","target":{"@type":"EntryPoint","urlTemplate":"https:\/\/rollambiaonline.com\/de\/?s={search_term_string}"},"query-input":{"@type":"PropertyValueSpecification","valueRequired":true,"valueName":"search_term_string"}}],"inLanguage":"de"},{"@type":"Organization","@id":"https:\/\/rollambiaonline.com\/de\/#organization","name":"Rollambia","url":"https:\/\/rollambiaonline.com\/de\/","logo":{"@type":"ImageObject","inLanguage":"de","@id":"https:\/\/rollambiaonline.com\/de\/#\/schema\/logo\/image\/","url":"https:\/\/rollambiaonline.com\/wp-content\/uploads\/2026\/02\/Rollambia-logo.png","contentUrl":"https:\/\/rollambiaonline.com\/wp-content\/uploads\/2026\/02\/Rollambia-logo.png","width":160,"height":40,"caption":"Rollambia"},"image":{"@id":"https:\/\/rollambiaonline.com\/de\/#\/schema\/logo\/image\/"}}]}},"_links":{"self":[{"href":"https:\/\/rollambiaonline.com\/de\/wp-json\/wp\/v2\/pages\/1442","targetHints":{"allow":["GET"]}}],"collection":[{"href":"https:\/\/rollambiaonline.com\/de\/wp-json\/wp\/v2\/pages"}],"about":[{"href":"https:\/\/rollambiaonline.com\/de\/wp-json\/wp\/v2\/types\/page"}],"author":[{"embeddable":true,"href":"https:\/\/rollambiaonline.com\/de\/wp-json\/wp\/v2\/users\/1"}],"replies":[{"embeddable":true,"href":"https:\/\/rollambiaonline.com\/de\/wp-json\/wp\/v2\/comments?post=1442"}],"version-history":[{"count":3,"href":"https:\/\/rollambiaonline.com\/de\/wp-json\/wp\/v2\/pages\/1442\/revisions"}],"predecessor-version":[{"id":2079,"href":"https:\/\/rollambiaonline.com\/de\/wp-json\/wp\/v2\/pages\/1442\/revisions\/2079"}],"wp:attachment":[{"href":"https:\/\/rollambiaonline.com\/de\/wp-json\/wp\/v2\/media?parent=1442"}],"curies":[{"name":"wp","href":"https:\/\/api.w.org\/{rel}","templated":true}]}}