{"id":1449,"date":"2026-01-20T12:08:23","date_gmt":"2026-01-20T12:08:23","guid":{"rendered":"https:\/\/bonuskongcasino.com\/app-2\/"},"modified":"2026-02-25T09:54:43","modified_gmt":"2026-02-25T09:54:43","slug":"aplicacion","status":"publish","type":"page","link":"https:\/\/rollambiaonline.com\/es\/aplicacion\/","title":{"rendered":"Aplicaci\u00f3n"},"content":{"rendered":"<h1>Plataforma m\u00f3vil Rollambia<\/h1>\n<p>La aplicaci\u00f3n Rollambia funciona en dispositivos m\u00f3viles y se centra en ofrecer un funcionamiento fluido. Proporciona acceso a la biblioteca de juegos de la plataforma, que incluye tragamonedas, juegos de mesa, tarjetas rasca y gana y opciones con crupier en vivo. La versi\u00f3n m\u00f3vil mantiene los est\u00e1ndares de seguridad y, al mismo tiempo, conserva una interfaz sencilla para la navegaci\u00f3n t\u00e1ctil.<\/p>\n<p>Los jugadores pueden acceder a sus cuentas, gestionar sus dep\u00f3sitos y jugar desde sus tel\u00e9fonos o tabletas. La aplicaci\u00f3n es compatible con la tecnolog\u00eda m\u00f3vil moderna para garantizar que el juego funcione correctamente en diferentes dispositivos.<\/p>\n<div class=\"banner-wrap\" aria-label=\"Banner\"><img src=\"https:\/\/rollambiaonline.com\/wp-content\/uploads\/2026\/02\/Rollambia-banner-desktop.webp\" class=\"w-100 d-none d-lg-block img-pc main-banner-img\" alt=\"Rollambia banner desktop\" fetchpriority=\"high\" decoding=\"async\"><img src=\"https:\/\/rollambiaonline.com\/wp-content\/uploads\/2026\/02\/Rollambia-banner-mobile.webp\" class=\"w-100 d-none d-md-block d-lg-none main-banner-img\" alt=\"Rollambia banner mobile\" fetchpriority=\"high\" decoding=\"async\"><img src=\"https:\/\/rollambiaonline.com\/wp-content\/uploads\/2026\/02\/Rollambia-banner-mobile.webp\" class=\"w-100 d-md-none\" alt=\"Rollambia banner mobile\" fetchpriority=\"high\" decoding=\"async\"><div class=\"banner-description\">\n<div class=\"banner-title\">Bonos de bienvenida<\/div>\n<p class=\"banner-header-title\">1500 \u20ac<\/p>\n<div class=\"banner-header-AdditionalText\">+ 250 Tiradas gratis<\/div>\n<button data-item=\"homepage_banner_link\" class=\"goto m-button m-gradient-border m-button--primary m-button--large banner-button btn-orange\">\n            <div class=\"m-button-content\">\n                <span>Reg\u00edstrate ahora<\/span>\n                <span><\/span>\n            <\/div>\n        <\/button>\n<\/div>\n<div class=\"WelcomePack\">\n<p><img loading=\"lazy\" decoding=\"async\" class=\"alignnone size-full wp-image-1851\" src=\"https:\/\/rollambiaonline.com\/wp-content\/uploads\/2026\/02\/welcome-crown.png\" alt=\"welcome crown\" width=\"25\" height=\"26\" \/><\/p>\n<div class=\"WelcomePack-Info\">Reembolso semanal de hasta el 25 %<\/div>\n<p><img loading=\"lazy\" decoding=\"async\" class=\"alignnone size-full wp-image-1851\" src=\"https:\/\/rollambiaonline.com\/wp-content\/uploads\/2026\/02\/welcome-crown.png\" alt=\"welcome crown\" width=\"25\" height=\"26\" \/><\/p>\n<\/div>\n<\/div>\n<h2>Usar Rollambia en el m\u00f3vil<\/h2>\n<p>La aplicaci\u00f3n dedicada ofrece algunas ventajas con respecto al juego basado en navegador. Los tiempos de carga suelen ser m\u00e1s r\u00e1pidos y el rendimiento es m\u00e1s constante, ya que la aplicaci\u00f3n est\u00e1 optimizada espec\u00edficamente para hardware m\u00f3vil. La navegaci\u00f3n funciona con fluidez con los controles t\u00e1ctiles, lo que facilita la b\u00fasqueda de juegos y el ajuste de la configuraci\u00f3n.<\/p>\n<p>Las funciones de seguridad incluyen alertas de transacciones y notificaciones de inicio de sesi\u00f3n para ayudar a proteger la informaci\u00f3n de tu cuenta. La aplicaci\u00f3n suele experimentar menos retrasos en comparaci\u00f3n con el juego en el navegador m\u00f3vil, con menos interrupciones durante las sesiones.<\/p>\n<p>Encontrar\u00e1s funciones como verificaci\u00f3n de cuenta, asistencia por chat en vivo y sincronizaci\u00f3n de juegos en tiempo real integradas en la aplicaci\u00f3n. Esto significa que puedes gestionar dep\u00f3sitos, ponerte en contacto con el servicio de asistencia y administrar tu cuenta sin tener que cambiar entre diferentes aplicaciones. La interfaz se adapta a varios tama\u00f1os de pantalla en tel\u00e9fonos inteligentes y tabletas.<\/p>\n<p>Puntos clave sobre la aplicaci\u00f3n Rollambia:<\/p>\n<ul>\n<li>La gesti\u00f3n de cuentas, los dep\u00f3sitos y el acceso al servicio de asistencia funcionan dentro de la propia aplicaci\u00f3n.<\/li>\n<li>El rendimiento se mantiene m\u00e1s estable en comparaci\u00f3n con el juego en navegadores m\u00f3viles.<\/li>\n<li>La interfaz se adapta a diferentes tama\u00f1os de pantalla de tel\u00e9fonos y tabletas para facilitar su uso.<\/li>\n<li>Las medidas de protecci\u00f3n de datos est\u00e1n integradas en la estructura de la aplicaci\u00f3n.<\/li>\n<\/ul>\n<p><div class=\"scrollable-content-wrap my-5\"><div class=\"scrollable-content-inner\"><h2>Aplicaci\u00f3n m\u00f3vil Rollambia para Android<\/h2>\n<p>La versi\u00f3n para Android de Rollambia utiliza tecnolog\u00eda de aplicaciones web progresivas (PWA) en lugar de los archivos APK tradicionales. Este enfoque evita la necesidad de descargar archivos de instalaci\u00f3n de gran tama\u00f1o directamente en tu dispositivo, lo que simplifica el proceso y lo hace potencialmente m\u00e1s seguro.<\/p>\n<p>Puedes acceder a la PWA a trav\u00e9s de navegadores Android como Firefox o Chrome. Para a\u00f1adirla a tu pantalla de inicio solo tienes que pulsar una vez y luego funciona de manera similar a una aplicaci\u00f3n est\u00e1ndar. Los tiempos de carga son r\u00e1pidos y algunas funciones funcionan sin conexi\u00f3n.<\/p>\n<p>Como no es un APK, las actualizaciones se realizan autom\u00e1ticamente a trav\u00e9s de tu navegador. No tendr\u00e1s que descargar manualmente las nuevas versiones: la aplicaci\u00f3n se mantiene actualizada con nuevas funciones y mejoras de seguridad por s\u00ed sola. El formato PWA utiliza menos espacio de almacenamiento, lo que resulta \u00fatil en dispositivos con capacidad limitada. Todas las funciones b\u00e1sicas funcionan en la PWA, incluidas la verificaci\u00f3n, las transacciones seguras y el chat en vivo.<\/p>\n<p><img loading=\"lazy\" decoding=\"async\" class=\"alignnone size-full wp-image-2003\" src=\"https:\/\/rollambiaonline.com\/wp-content\/uploads\/2026\/02\/Rollambia-Android.webp\" alt=\"Rollambia Android\" width=\"1248\" height=\"536\" srcset=\"https:\/\/rollambiaonline.com\/wp-content\/uploads\/2026\/02\/Rollambia-Android.webp 1248w, https:\/\/rollambiaonline.com\/wp-content\/uploads\/2026\/02\/Rollambia-Android-300x129.webp 300w, https:\/\/rollambiaonline.com\/wp-content\/uploads\/2026\/02\/Rollambia-Android-1024x440.webp 1024w, https:\/\/rollambiaonline.com\/wp-content\/uploads\/2026\/02\/Rollambia-Android-768x330.webp 768w\" sizes=\"auto, (max-width: 1248px) 100vw, 1248px\" \/><\/p>\n<\/div><\/div><div style=\"clear: both\"><\/div><div class=\"d-flex justify-content-center\"><button data-item=\"decouvrez_link\" data-group=\"website_links\" class=\"goto fw-bold rounded-pill btn btn-orange\" aria-label=\"Descarga la aplicaci\u00f3n Rollambia\" >Descarga la aplicaci\u00f3n Rollambia<\/button><\/div><div class=\"scrollable-content-wrap my-5\"><div class=\"scrollable-content-inner\"><h2>Aplicaci\u00f3n m\u00f3vil Rollambia para iOS<\/h2>\n<p>Los usuarios de iOS pueden acceder a Rollambia a trav\u00e9s de navegadores m\u00f3viles como Safari. Puedes a\u00f1adir la plataforma a tu pantalla de inicio para acceder m\u00e1s r\u00e1pidamente. A continuaci\u00f3n te explicamos c\u00f3mo hacerlo:<\/p>\n<ul>\n<li>Busca la secci\u00f3n del pie de p\u00e1gina en el sitio web.<\/li>\n<li>Pulsa el bot\u00f3n \u00abAplicaci\u00f3n del casino\u00bb para iniciar la instalaci\u00f3n.<\/li>\n<li>Una vez instalada, funciona como una aplicaci\u00f3n normal.<\/li>\n<\/ul>\n<p>Despu\u00e9s de la configuraci\u00f3n, tendr\u00e1s acceso completo a la biblioteca de juegos, la gesti\u00f3n de cuentas y el chat en vivo. La aplicaci\u00f3n basada en web ofrece una experiencia segura similar a la versi\u00f3n de escritorio. Entre sus caracter\u00edsticas se incluyen la sincronizaci\u00f3n de juegos en tiempo real, dep\u00f3sitos seguros y verificaci\u00f3n de cuentas. El dise\u00f1o se adapta a los dispositivos iOS para garantizar una experiencia de juego fluida.<\/p>\n<p><img loading=\"lazy\" decoding=\"async\" class=\"alignnone size-full wp-image-2019\" src=\"https:\/\/rollambiaonline.com\/wp-content\/uploads\/2026\/02\/Rollambia-iOS.webp\" alt=\"Rollambia iOS\" width=\"1248\" height=\"536\" srcset=\"https:\/\/rollambiaonline.com\/wp-content\/uploads\/2026\/02\/Rollambia-iOS.webp 1248w, https:\/\/rollambiaonline.com\/wp-content\/uploads\/2026\/02\/Rollambia-iOS-300x129.webp 300w, https:\/\/rollambiaonline.com\/wp-content\/uploads\/2026\/02\/Rollambia-iOS-1024x440.webp 1024w, https:\/\/rollambiaonline.com\/wp-content\/uploads\/2026\/02\/Rollambia-iOS-768x330.webp 768w\" sizes=\"auto, (max-width: 1248px) 100vw, 1248px\" \/><\/p>\n<\/div><\/div><div style=\"clear: both\"><\/div><div class=\"d-flex justify-content-center\"><button data-item=\"decouvrez_link\" data-group=\"website_links\" class=\"goto fw-bold rounded-pill btn btn-orange\" aria-label=\"Descargar Rollambia\" >Descargar Rollambia<\/button><\/div><div class=\"scrollable-content-wrap my-5\"><div class=\"scrollable-content-inner\"><h2>Aplicaciones para Windows y macOS<\/h2>\n<p>Los usuarios de escritorio en Windows o macOS pueden acceder a Rollambia sin necesidad de instalar ning\u00fan software adicional. La plataforma funciona a trav\u00e9s de su navegador y ofrece la opci\u00f3n de crear accesos directos en el escritorio:<\/p>\n<ol>\n<li>Usuarios de Mac: utilicen Safari o Chrome y seleccionen la opci\u00f3n del men\u00fa \u00abA\u00f1adir\u00bb.<\/li>\n<li>Usuarios de Windows: abran su navegador, vayan a la p\u00e1gina de inicio de Rollambia, hagan clic en el men\u00fa de tres puntos y seleccionen \u00abA\u00f1adir al escritorio\u00bb.<\/li>\n<\/ol>\n<table>\n<tbody>\n<tr>\n<td>Caracter\u00edstica<\/td>\n<td>Versi\u00f3n para ordenador<\/td>\n<td>Beneficios<\/td>\n<\/tr>\n<tr>\n<td>Experiencia de juego<\/td>\n<td>Mejorado con gr\u00e1ficos detallados y navegaci\u00f3n sencilla.<\/td>\n<td>Im\u00e1genes de alta calidad y una interfaz f\u00e1cil de usar.<\/td>\n<\/tr>\n<tr>\n<td>Servicios de chat en vivo<\/td>\n<td>Disponible<\/td>\n<td>Apoyo y asistencia inmediatos<\/td>\n<\/tr>\n<tr>\n<td>Gesti\u00f3n segura de cuentas<\/td>\n<td>S\u00ed<\/td>\n<td>Protege las cuentas de usuario y la informaci\u00f3n financiera.<\/td>\n<\/tr>\n<tr>\n<td>Procedimiento de verificaci\u00f3n<\/td>\n<td>Antes de la retirada<\/td>\n<td>Garantiza la seguridad y la gesti\u00f3n adecuada de las cuentas.<\/td>\n<\/tr>\n<\/tbody>\n<\/table>\n<p><img loading=\"lazy\" decoding=\"async\" class=\"alignnone size-full wp-image-2011\" src=\"https:\/\/rollambiaonline.com\/wp-content\/uploads\/2026\/02\/Rollambia-Desktop.webp\" alt=\"Rollambia Desktop\" width=\"1248\" height=\"536\" srcset=\"https:\/\/rollambiaonline.com\/wp-content\/uploads\/2026\/02\/Rollambia-Desktop.webp 1248w, https:\/\/rollambiaonline.com\/wp-content\/uploads\/2026\/02\/Rollambia-Desktop-300x129.webp 300w, https:\/\/rollambiaonline.com\/wp-content\/uploads\/2026\/02\/Rollambia-Desktop-1024x440.webp 1024w, https:\/\/rollambiaonline.com\/wp-content\/uploads\/2026\/02\/Rollambia-Desktop-768x330.webp 768w\" sizes=\"auto, (max-width: 1248px) 100vw, 1248px\" \/><\/p>\n<\/div><\/div><div style=\"clear: both\"><\/div><div class=\"d-flex justify-content-center\"><button data-item=\"decouvrez_link\" data-group=\"website_links\" class=\"goto fw-bold rounded-pill btn btn-orange\" aria-label=\"Descarga la aplicaci\u00f3n Rollambia\" >Descarga la aplicaci\u00f3n Rollambia<\/button><\/div><div class=\"scrollable-content-wrap my-5\"><div class=\"scrollable-content-inner\"><h2>FAQ<\/h2>\n<h3>\u00bfC\u00f3mo puedo actualizar la aplicaci\u00f3n Rollambia Casino?<\/h3>\n<p>La aplicaci\u00f3n Rollambia, en particular la versi\u00f3n PWA, se actualiza autom\u00e1ticamente a trav\u00e9s de su navegador. Esto significa que siempre dispondr\u00e1 de las \u00faltimas funciones y parches de seguridad sin necesidad de intervenci\u00f3n manual. Los accesos directos del escritorio se conectan a la \u00faltima versi\u00f3n en l\u00ednea, por lo que no requieren actualizaciones independientes. El proceso de actualizaci\u00f3n se realiza en segundo plano sin necesidad de reinstalaci\u00f3n.<\/p>\n<h3>\u00bfLa aplicaci\u00f3n Rollambia Casino ofrece atenci\u00f3n al cliente?<\/h3>\n<p>El servicio de asistencia por chat en vivo funciona dentro de la aplicaci\u00f3n, lo que le permite acceder directamente al equipo de asistencia. La disponibilidad las 24 horas del d\u00eda, los 7 d\u00edas de la semana, significa que puede obtener ayuda con problemas t\u00e9cnicos o preguntas sobre su cuenta en cualquier momento, independientemente de su zona horaria.<\/p>\n<h3>\u00bfEs necesario crear una cuenta para utilizar la aplicaci\u00f3n Rollambia?<\/h3>\n<p>Necesitar\u00e1s una cuenta para acceder a toda la gama de juegos, gestionar los dep\u00f3sitos y completar la verificaci\u00f3n. El registro se puede realizar a trav\u00e9s de la aplicaci\u00f3n o del sitio web. La interfaz de la aplicaci\u00f3n suele agilizar el proceso de registro en comparaci\u00f3n con el uso de un ordenador de sobremesa.<\/p>\n<\/div><\/div><\/p>\n","protected":false},"excerpt":{"rendered":"<p>Plataforma m\u00f3vil Rollambia La aplicaci\u00f3n Rollambia funciona en dispositivos m\u00f3viles y se centra en ofrecer un funcionamiento fluido. Proporciona acceso a la biblioteca de juegos de la plataforma, que incluye tragamonedas, juegos de mesa, tarjetas rasca y gana y opciones con crupier en vivo. La versi\u00f3n m\u00f3vil mantiene los est\u00e1ndares de seguridad y, al mismo [&hellip;]<\/p>\n","protected":false},"author":1,"featured_media":0,"parent":0,"menu_order":0,"comment_status":"closed","ping_status":"closed","template":"template-builder.php","meta":{"_acf_changed":false,"inline_featured_image":false,"footnotes":""},"class_list":["post-1449","page","type-page","status-publish","hentry"],"acf":[],"yoast_head":"<!-- This site is optimized with the Yoast SEO plugin v27.3 - https:\/\/yoast.com\/product\/yoast-seo-wordpress\/ -->\n<title>Rollambia Aplicaci\u00f3n para sistemas operativos m\u00f3viles | Descargar - iOS, Android<\/title>\n<meta name=\"description\" content=\"Instala la aplicaci\u00f3n Rollambia Slots en iOS, Android, Windows y macOS para jugar a m\u00e1s de 6000 juegos de casino en cualquier lugar. Rendimiento fluido, sincronizaci\u00f3n de cuentas y asistencia 24\/7: todo en Rollambia.\" \/>\n<meta name=\"robots\" content=\"index, follow, max-snippet:-1, max-image-preview:large, max-video-preview:-1\" \/>\n<link rel=\"canonical\" href=\"https:\/\/rollambiaonline.com\/es\/aplicacion\/\" \/>\n<meta property=\"og:locale\" content=\"es_ES\" \/>\n<meta property=\"og:type\" content=\"article\" \/>\n<meta property=\"og:title\" content=\"Rollambia Aplicaci\u00f3n para sistemas operativos m\u00f3viles | Descargar - iOS, Android\" \/>\n<meta property=\"og:description\" content=\"Instala la aplicaci\u00f3n Rollambia Slots en iOS, Android, Windows y macOS para jugar a m\u00e1s de 6000 juegos de casino en cualquier lugar. Rendimiento fluido, sincronizaci\u00f3n de cuentas y asistencia 24\/7: todo en Rollambia.\" \/>\n<meta property=\"og:url\" content=\"https:\/\/rollambiaonline.com\/es\/aplicacion\/\" \/>\n<meta property=\"og:site_name\" content=\"rollambia\" \/>\n<meta property=\"article:modified_time\" content=\"2026-02-25T09:54:43+00:00\" \/>\n<meta name=\"twitter:card\" content=\"summary_large_image\" \/>\n<meta name=\"twitter:label1\" content=\"Est. reading time\" \/>\n\t<meta name=\"twitter:data1\" content=\"2 minutes\" \/>\n<script type=\"application\/ld+json\" class=\"yoast-schema-graph\">{\"@context\":\"https:\\\/\\\/schema.org\",\"@graph\":[{\"@type\":\"WebPage\",\"@id\":\"https:\\\/\\\/rollambiaonline.com\\\/es\\\/aplicacion\\\/\",\"url\":\"https:\\\/\\\/rollambiaonline.com\\\/es\\\/aplicacion\\\/\",\"name\":\"Rollambia Aplicaci\u00f3n para sistemas operativos m\u00f3viles | Descargar - iOS, Android\",\"isPartOf\":{\"@id\":\"https:\\\/\\\/rollambiaonline.com\\\/es\\\/#website\"},\"datePublished\":\"2026-01-20T12:08:23+00:00\",\"dateModified\":\"2026-02-25T09:54:43+00:00\",\"description\":\"Instala la aplicaci\u00f3n Rollambia Slots en iOS, Android, Windows y macOS para jugar a m\u00e1s de 6000 juegos de casino en cualquier lugar. Rendimiento fluido, sincronizaci\u00f3n de cuentas y asistencia 24\\\/7: todo en Rollambia.\",\"breadcrumb\":{\"@id\":\"https:\\\/\\\/rollambiaonline.com\\\/es\\\/aplicacion\\\/#breadcrumb\"},\"inLanguage\":\"es-ES\",\"potentialAction\":[{\"@type\":\"ReadAction\",\"target\":[\"https:\\\/\\\/rollambiaonline.com\\\/es\\\/aplicacion\\\/\"]}]},{\"@type\":\"BreadcrumbList\",\"@id\":\"https:\\\/\\\/rollambiaonline.com\\\/es\\\/aplicacion\\\/#breadcrumb\",\"itemListElement\":[{\"@type\":\"ListItem\",\"position\":1,\"name\":\"Rollambia\",\"item\":\"https:\\\/\\\/rollambiaonline.com\\\/es\\\/\"},{\"@type\":\"ListItem\",\"position\":2,\"name\":\"Aplicaci\u00f3n\"}]},{\"@type\":\"WebSite\",\"@id\":\"https:\\\/\\\/rollambiaonline.com\\\/es\\\/#website\",\"url\":\"https:\\\/\\\/rollambiaonline.com\\\/es\\\/\",\"name\":\"Rollambia\",\"description\":\"\",\"publisher\":{\"@id\":\"https:\\\/\\\/rollambiaonline.com\\\/es\\\/#organization\"},\"potentialAction\":[{\"@type\":\"SearchAction\",\"target\":{\"@type\":\"EntryPoint\",\"urlTemplate\":\"https:\\\/\\\/rollambiaonline.com\\\/es\\\/?s={search_term_string}\"},\"query-input\":{\"@type\":\"PropertyValueSpecification\",\"valueRequired\":true,\"valueName\":\"search_term_string\"}}],\"inLanguage\":\"es-ES\"},{\"@type\":\"Organization\",\"@id\":\"https:\\\/\\\/rollambiaonline.com\\\/es\\\/#organization\",\"name\":\"Rollambia\",\"url\":\"https:\\\/\\\/rollambiaonline.com\\\/es\\\/\",\"logo\":{\"@type\":\"ImageObject\",\"inLanguage\":\"es-ES\",\"@id\":\"https:\\\/\\\/rollambiaonline.com\\\/es\\\/#\\\/schema\\\/logo\\\/image\\\/\",\"url\":\"https:\\\/\\\/rollambiaonline.com\\\/wp-content\\\/uploads\\\/2026\\\/02\\\/Rollambia-logo.png\",\"contentUrl\":\"https:\\\/\\\/rollambiaonline.com\\\/wp-content\\\/uploads\\\/2026\\\/02\\\/Rollambia-logo.png\",\"width\":160,\"height\":40,\"caption\":\"Rollambia\"},\"image\":{\"@id\":\"https:\\\/\\\/rollambiaonline.com\\\/es\\\/#\\\/schema\\\/logo\\\/image\\\/\"}}]}<\/script>\n<!-- \/ Yoast SEO plugin. -->","yoast_head_json":{"title":"Rollambia Aplicaci\u00f3n para sistemas operativos m\u00f3viles | Descargar - iOS, Android","description":"Instala la aplicaci\u00f3n Rollambia Slots en iOS, Android, Windows y macOS para jugar a m\u00e1s de 6000 juegos de casino en cualquier lugar. Rendimiento fluido, sincronizaci\u00f3n de cuentas y asistencia 24\/7: todo en Rollambia.","robots":{"index":"index","follow":"follow","max-snippet":"max-snippet:-1","max-image-preview":"max-image-preview:large","max-video-preview":"max-video-preview:-1"},"canonical":"https:\/\/rollambiaonline.com\/es\/aplicacion\/","og_locale":"es_ES","og_type":"article","og_title":"Rollambia Aplicaci\u00f3n para sistemas operativos m\u00f3viles | Descargar - iOS, Android","og_description":"Instala la aplicaci\u00f3n Rollambia Slots en iOS, Android, Windows y macOS para jugar a m\u00e1s de 6000 juegos de casino en cualquier lugar. Rendimiento fluido, sincronizaci\u00f3n de cuentas y asistencia 24\/7: todo en Rollambia.","og_url":"https:\/\/rollambiaonline.com\/es\/aplicacion\/","og_site_name":"rollambia","article_modified_time":"2026-02-25T09:54:43+00:00","twitter_card":"summary_large_image","twitter_misc":{"Est. reading time":"2 minutes"},"schema":{"@context":"https:\/\/schema.org","@graph":[{"@type":"WebPage","@id":"https:\/\/rollambiaonline.com\/es\/aplicacion\/","url":"https:\/\/rollambiaonline.com\/es\/aplicacion\/","name":"Rollambia Aplicaci\u00f3n para sistemas operativos m\u00f3viles | Descargar - iOS, Android","isPartOf":{"@id":"https:\/\/rollambiaonline.com\/es\/#website"},"datePublished":"2026-01-20T12:08:23+00:00","dateModified":"2026-02-25T09:54:43+00:00","description":"Instala la aplicaci\u00f3n Rollambia Slots en iOS, Android, Windows y macOS para jugar a m\u00e1s de 6000 juegos de casino en cualquier lugar. Rendimiento fluido, sincronizaci\u00f3n de cuentas y asistencia 24\/7: todo en Rollambia.","breadcrumb":{"@id":"https:\/\/rollambiaonline.com\/es\/aplicacion\/#breadcrumb"},"inLanguage":"es-ES","potentialAction":[{"@type":"ReadAction","target":["https:\/\/rollambiaonline.com\/es\/aplicacion\/"]}]},{"@type":"BreadcrumbList","@id":"https:\/\/rollambiaonline.com\/es\/aplicacion\/#breadcrumb","itemListElement":[{"@type":"ListItem","position":1,"name":"Rollambia","item":"https:\/\/rollambiaonline.com\/es\/"},{"@type":"ListItem","position":2,"name":"Aplicaci\u00f3n"}]},{"@type":"WebSite","@id":"https:\/\/rollambiaonline.com\/es\/#website","url":"https:\/\/rollambiaonline.com\/es\/","name":"Rollambia","description":"","publisher":{"@id":"https:\/\/rollambiaonline.com\/es\/#organization"},"potentialAction":[{"@type":"SearchAction","target":{"@type":"EntryPoint","urlTemplate":"https:\/\/rollambiaonline.com\/es\/?s={search_term_string}"},"query-input":{"@type":"PropertyValueSpecification","valueRequired":true,"valueName":"search_term_string"}}],"inLanguage":"es-ES"},{"@type":"Organization","@id":"https:\/\/rollambiaonline.com\/es\/#organization","name":"Rollambia","url":"https:\/\/rollambiaonline.com\/es\/","logo":{"@type":"ImageObject","inLanguage":"es-ES","@id":"https:\/\/rollambiaonline.com\/es\/#\/schema\/logo\/image\/","url":"https:\/\/rollambiaonline.com\/wp-content\/uploads\/2026\/02\/Rollambia-logo.png","contentUrl":"https:\/\/rollambiaonline.com\/wp-content\/uploads\/2026\/02\/Rollambia-logo.png","width":160,"height":40,"caption":"Rollambia"},"image":{"@id":"https:\/\/rollambiaonline.com\/es\/#\/schema\/logo\/image\/"}}]}},"_links":{"self":[{"href":"https:\/\/rollambiaonline.com\/es\/wp-json\/wp\/v2\/pages\/1449","targetHints":{"allow":["GET"]}}],"collection":[{"href":"https:\/\/rollambiaonline.com\/es\/wp-json\/wp\/v2\/pages"}],"about":[{"href":"https:\/\/rollambiaonline.com\/es\/wp-json\/wp\/v2\/types\/page"}],"author":[{"embeddable":true,"href":"https:\/\/rollambiaonline.com\/es\/wp-json\/wp\/v2\/users\/1"}],"replies":[{"embeddable":true,"href":"https:\/\/rollambiaonline.com\/es\/wp-json\/wp\/v2\/comments?post=1449"}],"version-history":[{"count":3,"href":"https:\/\/rollambiaonline.com\/es\/wp-json\/wp\/v2\/pages\/1449\/revisions"}],"predecessor-version":[{"id":2111,"href":"https:\/\/rollambiaonline.com\/es\/wp-json\/wp\/v2\/pages\/1449\/revisions\/2111"}],"wp:attachment":[{"href":"https:\/\/rollambiaonline.com\/es\/wp-json\/wp\/v2\/media?parent=1449"}],"curies":[{"name":"wp","href":"https:\/\/api.w.org\/{rel}","templated":true}]}}