{"id":1445,"date":"2026-01-20T12:08:23","date_gmt":"2026-01-20T12:08:23","guid":{"rendered":"https:\/\/bonuskongcasino.com\/app\/"},"modified":"2026-02-25T09:15:48","modified_gmt":"2026-02-25T09:15:48","slug":"applicazione","status":"publish","type":"page","link":"https:\/\/rollambiaonline.com\/it\/applicazione\/","title":{"rendered":"Applicazione"},"content":{"rendered":"<h1>Piattaforma mobile Rollambia<\/h1>\n<p>L&#8217;app Rollambia funziona su dispositivi mobili con particolare attenzione alla fluidit\u00e0 delle funzionalit\u00e0. Fornisce accesso alla libreria di giochi della piattaforma, che include slot, giochi da tavolo, gratta e vinci e opzioni con croupier dal vivo. La versione mobile mantiene gli standard di sicurezza, pur conservando un&#8217;interfaccia intuitiva per la navigazione touchscreen.<\/p>\n<p>I giocatori possono accedere ai propri account, gestire i depositi e giocare dai propri telefoni o tablet. L&#8217;app supporta la moderna tecnologia mobile per garantire il corretto funzionamento del gioco su diversi dispositivi.<\/p>\n<div class=\"banner-wrap\" aria-label=\"Banner\"><img src=\"https:\/\/rollambiaonline.com\/wp-content\/uploads\/2026\/02\/Rollambia-banner-desktop.webp\" class=\"w-100 d-none d-lg-block img-pc main-banner-img\" alt=\"Rollambia banner desktop\" fetchpriority=\"high\" decoding=\"async\"><img src=\"https:\/\/rollambiaonline.com\/wp-content\/uploads\/2026\/02\/Rollambia-banner-mobile.webp\" class=\"w-100 d-none d-md-block d-lg-none main-banner-img\" alt=\"Rollambia banner mobile\" fetchpriority=\"high\" decoding=\"async\"><img src=\"https:\/\/rollambiaonline.com\/wp-content\/uploads\/2026\/02\/Rollambia-banner-mobile.webp\" class=\"w-100 d-md-none\" alt=\"Rollambia banner mobile\" fetchpriority=\"high\" decoding=\"async\"><div class=\"banner-description\">\n<div class=\"banner-title\">Bonus di benvenuto<\/div>\n<p class=\"banner-header-title\">1500 \u20ac<\/p>\n<div class=\"banner-header-AdditionalText\">+ 250 Giri gratuiti<\/div>\n<button data-item=\"homepage_banner_link\" class=\"goto m-button m-gradient-border m-button--primary m-button--large banner-button btn-orange\">\n            <div class=\"m-button-content\">\n                <span>Iscriviti ora<\/span>\n                <span><\/span>\n            <\/div>\n        <\/button>\n<\/div>\n<div class=\"WelcomePack\">\n<p><img loading=\"lazy\" decoding=\"async\" class=\"alignnone size-full wp-image-1849\" src=\"https:\/\/rollambiaonline.com\/wp-content\/uploads\/2026\/02\/welcome-crown.png\" alt=\"welcome crown\" width=\"25\" height=\"26\" \/><\/p>\n<div class=\"WelcomePack-Info\">Cashback settimanale fino al 25%<\/div>\n<p><img loading=\"lazy\" decoding=\"async\" class=\"alignnone size-full wp-image-1849\" src=\"https:\/\/rollambiaonline.com\/wp-content\/uploads\/2026\/02\/welcome-crown.png\" alt=\"welcome crown\" width=\"25\" height=\"26\" \/><\/p>\n<\/div>\n<\/div>\n<h2>Utilizzo di Rollambia su dispositivi mobili<\/h2>\n<p>L&#8217;app dedicata offre alcuni vantaggi rispetto al gioco basato su browser. I tempi di caricamento tendono ad essere pi\u00f9 rapidi e le prestazioni rimangono pi\u00f9 costanti poich\u00e9 l&#8217;app \u00e8 ottimizzata specificamente per l&#8217;hardware mobile. La navigazione funziona in modo fluido con i comandi touch, rendendo pi\u00f9 facile trovare i giochi e regolare le impostazioni.<\/p>\n<p>Le funzioni di sicurezza includono avvisi sulle transazioni e notifiche di accesso per proteggere le informazioni del tuo account. L&#8217;app presenta generalmente meno ritardi rispetto al gioco su browser mobile, con meno interruzioni durante le sessioni.<\/p>\n<p>Nell&#8217;app troverai funzioni come la verifica dell&#8217;account, l&#8217;assistenza tramite chat live e la sincronizzazione dei giochi in tempo reale. Ci\u00f2 significa che potrai gestire i depositi, contattare l&#8217;assistenza e amministrare il tuo account senza dover passare da un&#8217;applicazione all&#8217;altra. L&#8217;interfaccia si adatta alle diverse dimensioni degli schermi di smartphone e tablet.<\/p>\n<p>Punti chiave dell&#8217;app Rollambia:<\/p>\n<ul>\n<li>La gestione dell&#8217;account, i depositi e l&#8217;accesso all&#8217;assistenza funzionano tutti all&#8217;interno dell&#8217;app stessa.<\/li>\n<li>Le prestazioni rimangono pi\u00f9 stabili rispetto alla riproduzione su browser mobile.<\/li>\n<li>L&#8217;interfaccia si adatta alle diverse dimensioni degli schermi di telefoni e tablet per un utilizzo pi\u00f9 semplice.<\/li>\n<li>Le misure di protezione dei dati sono integrate nella struttura dell&#8217;app.<\/li>\n<\/ul>\n<p><div class=\"scrollable-content-wrap my-5\"><div class=\"scrollable-content-inner\"><h2>Rollambia App mobile per Android<\/h2>\n<p>La versione Android di Rollambia utilizza la tecnologia delle applicazioni web progressive (PWA) anzich\u00e9 i tradizionali file APK. Questo approccio elimina la necessit\u00e0 di scaricare file di installazione di grandi dimensioni direttamente sul dispositivo, rendendo il processo pi\u00f9 semplice e potenzialmente pi\u00f9 sicuro.<\/p>\n<p>\u00c8 possibile accedere alla PWA tramite browser Android come Firefox o Chrome. Per aggiungerla alla schermata iniziale basta un solo tocco, dopodich\u00e9 funziona in modo simile a un&#8217;app standard. I tempi di caricamento sono rapidi e alcune funzioni sono disponibili anche offline.<\/p>\n<p>Poich\u00e9 non si tratta di un APK, gli aggiornamenti avvengono automaticamente tramite il browser. Non sar\u00e0 necessario scaricare manualmente le nuove versioni: l&#8217;app si aggiorna automaticamente con nuove funzionalit\u00e0 e miglioramenti della sicurezza. Il formato PWA occupa meno spazio di archiviazione, il che \u00e8 utile sui dispositivi con capacit\u00e0 limitata. Tutte le funzioni principali funzionano sulla PWA, comprese la verifica, le transazioni sicure e la chat live.<\/p>\n<p><img loading=\"lazy\" decoding=\"async\" class=\"alignnone size-full wp-image-2001\" src=\"https:\/\/rollambiaonline.com\/wp-content\/uploads\/2026\/02\/Rollambia-Android.webp\" alt=\"Rollambia Android\" width=\"1248\" height=\"536\" srcset=\"https:\/\/rollambiaonline.com\/wp-content\/uploads\/2026\/02\/Rollambia-Android.webp 1248w, https:\/\/rollambiaonline.com\/wp-content\/uploads\/2026\/02\/Rollambia-Android-300x129.webp 300w, https:\/\/rollambiaonline.com\/wp-content\/uploads\/2026\/02\/Rollambia-Android-1024x440.webp 1024w, https:\/\/rollambiaonline.com\/wp-content\/uploads\/2026\/02\/Rollambia-Android-768x330.webp 768w\" sizes=\"auto, (max-width: 1248px) 100vw, 1248px\" \/><\/p>\n<\/div><\/div><div style=\"clear: both\"><\/div><div class=\"d-flex justify-content-center\"><button data-item=\"decouvrez_link\" data-group=\"website_links\" class=\"goto fw-bold rounded-pill btn btn-orange\" aria-label=\"Scarica l&#039;app Rollambia\" >Scarica l&#039;app Rollambia<\/button><\/div><div class=\"scrollable-content-wrap my-5\"><div class=\"scrollable-content-inner\"><h2>Rollambia iOS Mobile App<\/h2>\n<p>Gli utenti iOS possono accedere a Rollambia tramite browser mobili come Safari. \u00c8 possibile aggiungere la piattaforma alla schermata iniziale per un accesso pi\u00f9 rapido. Ecco come fare:<\/p>\n<ul>\n<li>Trova la sezione pi\u00e8 di pagina sul sito<\/li>\n<li>Tocca il pulsante &#8220;App Casin\u00f2&#8221; per avviare l&#8217;installazione.<\/li>\n<li>Una volta installata, funziona come una normale app.<\/li>\n<\/ul>\n<p>Dopo la configurazione, avrai pieno accesso alla libreria dei giochi, alla gestione dell&#8217;account e alla chat live. L&#8217;app basata sul web offre un&#8217;esperienza sicura simile alla versione desktop. Le funzionalit\u00e0 includono la sincronizzazione dei giochi in tempo reale, depositi sicuri e verifica dell&#8217;account. Il design si adatta ai dispositivi iOS per un gameplay fluido.<\/p>\n<p><img loading=\"lazy\" decoding=\"async\" class=\"alignnone size-full wp-image-2017\" src=\"https:\/\/rollambiaonline.com\/wp-content\/uploads\/2026\/02\/Rollambia-iOS.webp\" alt=\"Rollambia iOS\" width=\"1248\" height=\"536\" srcset=\"https:\/\/rollambiaonline.com\/wp-content\/uploads\/2026\/02\/Rollambia-iOS.webp 1248w, https:\/\/rollambiaonline.com\/wp-content\/uploads\/2026\/02\/Rollambia-iOS-300x129.webp 300w, https:\/\/rollambiaonline.com\/wp-content\/uploads\/2026\/02\/Rollambia-iOS-1024x440.webp 1024w, https:\/\/rollambiaonline.com\/wp-content\/uploads\/2026\/02\/Rollambia-iOS-768x330.webp 768w\" sizes=\"auto, (max-width: 1248px) 100vw, 1248px\" \/><\/p>\n<\/div><\/div><div style=\"clear: both\"><\/div><div class=\"d-flex justify-content-center\"><button data-item=\"decouvrez_link\" data-group=\"website_links\" class=\"goto fw-bold rounded-pill btn btn-orange\" aria-label=\"Scarica Rollambia\" >Scarica Rollambia<\/button><\/div><div class=\"scrollable-content-wrap my-5\"><div class=\"scrollable-content-inner\"><h2>Applicazioni Windows e macOS<\/h2>\n<p>Gli utenti desktop su Windows o macOS possono accedere a Rollambia senza installare software separati. La piattaforma funziona tramite il browser con la possibilit\u00e0 di creare collegamenti sul desktop:<\/p>\n<ol>\n<li>Utenti Mac: utilizzate Safari o Chrome, quindi selezionate l&#8217;opzione di menu &#8220;Aggiungi&#8221;.<\/li>\n<li>Utenti Windows: aprite il browser, navigate fino alla homepage di Rollambia, cliccate sul menu con i tre puntini e selezionate &#8220;Aggiungi al desktop&#8221;.<\/li>\n<\/ol>\n<table>\n<tbody>\n<tr>\n<td>Caratteristica<\/td>\n<td>Versione desktop<\/td>\n<td>Vantaggi<\/td>\n<\/tr>\n<tr>\n<td>Esperienza di gioco<\/td>\n<td>Migliorato con una grafica dettagliata e una navigazione intuitiva<\/td>\n<td>Grafica di alta qualit\u00e0 e interfaccia intuitiva<\/td>\n<\/tr>\n<tr>\n<td>Servizi di chat live<\/td>\n<td>Disponibile<\/td>\n<td>Assistenza e supporto immediati<\/td>\n<\/tr>\n<tr>\n<td>Gestione sicura degli account<\/td>\n<td>S\u00ec<\/td>\n<td>Protegge gli account degli utenti e le informazioni finanziarie<\/td>\n<\/tr>\n<tr>\n<td>Procedura di verifica<\/td>\n<td>Prima del ritiro<\/td>\n<td>Garantisce la sicurezza e la corretta gestione degli account<\/td>\n<\/tr>\n<\/tbody>\n<\/table>\n<p><img loading=\"lazy\" decoding=\"async\" class=\"alignnone size-full wp-image-2009\" src=\"https:\/\/rollambiaonline.com\/wp-content\/uploads\/2026\/02\/Rollambia-Desktop.webp\" alt=\"Rollambia Desktop\" width=\"1248\" height=\"536\" srcset=\"https:\/\/rollambiaonline.com\/wp-content\/uploads\/2026\/02\/Rollambia-Desktop.webp 1248w, https:\/\/rollambiaonline.com\/wp-content\/uploads\/2026\/02\/Rollambia-Desktop-300x129.webp 300w, https:\/\/rollambiaonline.com\/wp-content\/uploads\/2026\/02\/Rollambia-Desktop-1024x440.webp 1024w, https:\/\/rollambiaonline.com\/wp-content\/uploads\/2026\/02\/Rollambia-Desktop-768x330.webp 768w\" sizes=\"auto, (max-width: 1248px) 100vw, 1248px\" \/><\/p>\n<\/div><\/div><div style=\"clear: both\"><\/div><div class=\"d-flex justify-content-center\"><button data-item=\"decouvrez_link\" data-group=\"website_links\" class=\"goto fw-bold rounded-pill btn btn-orange\" aria-label=\"Scarica l&#039;app Rollambia\" >Scarica l&#039;app Rollambia<\/button><\/div><div class=\"scrollable-content-wrap my-5\"><div class=\"scrollable-content-inner\"><h2>FAQ<\/h2>\n<h3>Come posso aggiornare l&#8217;app Rollambia Casino?<\/h3>\n<p>L&#8217;app Rollambia, in particolare la versione PWA, si aggiorna automaticamente tramite il browser. Ci\u00f2 significa che avrai sempre a disposizione le funzionalit\u00e0 e le patch di sicurezza pi\u00f9 recenti senza alcun intervento manuale. I collegamenti sul desktop si connettono all&#8217;ultima versione online, quindi non richiedono aggiornamenti separati. Il processo di aggiornamento avviene in background senza necessit\u00e0 di reinstallazione.<\/p>\n<h3>L&#8217;app Rollambia Casino offre assistenza clienti?<\/h3>\n<p>L&#8217;assistenza tramite chat live \u00e8 disponibile all&#8217;interno dell&#8217;app e ti consente di contattare direttamente il team di assistenza. Grazie alla disponibilit\u00e0 24 ore su 24, 7 giorni su 7, puoi ricevere assistenza per problemi tecnici o domande relative al tuo account in qualsiasi momento, indipendentemente dal fuso orario.<\/p>\n<h3>\u00c8 necessario creare un account per utilizzare l&#8217;app Rollambia?<\/h3>\n<p>Per accedere all&#8217;intera gamma di giochi, gestire i depositi e completare la verifica \u00e8 necessario un account. La registrazione pu\u00f2 essere effettuata tramite l&#8217;app o il sito web. L&#8217;interfaccia dell&#8217;app spesso rende il processo di registrazione pi\u00f9 rapido rispetto all&#8217;utilizzo di un computer desktop.<\/p>\n<\/div><\/div><\/p>\n","protected":false},"excerpt":{"rendered":"<p>Piattaforma mobile Rollambia L&#8217;app Rollambia funziona su dispositivi mobili con particolare attenzione alla fluidit\u00e0 delle funzionalit\u00e0. Fornisce accesso alla libreria di giochi della piattaforma, che include slot, giochi da tavolo, gratta e vinci e opzioni con croupier dal vivo. La versione mobile mantiene gli standard di sicurezza, pur conservando un&#8217;interfaccia intuitiva per la navigazione touchscreen. [&hellip;]<\/p>\n","protected":false},"author":1,"featured_media":0,"parent":0,"menu_order":0,"comment_status":"closed","ping_status":"closed","template":"template-builder.php","meta":{"_acf_changed":false,"inline_featured_image":false,"footnotes":""},"class_list":["post-1445","page","type-page","status-publish","hentry"],"acf":[],"yoast_head":"<!-- This site is optimized with the Yoast SEO plugin v27.3 - https:\/\/yoast.com\/product\/yoast-seo-wordpress\/ -->\n<title>Rollambia App per sistemi operativi mobili | Download - iOS, Android<\/title>\n<meta name=\"description\" content=\"Installa l&#039;app Rollambia Slots su iOS, Android, Windows e macOS per giocare a oltre 6000 giochi da casin\u00f2 ovunque ti trovi. Prestazioni fluide, sincronizzazione dell&#039;account e assistenza 24 ore su 24, 7 giorni su 7: tutto questo su Rollambia.\" \/>\n<meta name=\"robots\" content=\"index, follow, max-snippet:-1, max-image-preview:large, max-video-preview:-1\" \/>\n<link rel=\"canonical\" href=\"https:\/\/rollambiaonline.com\/it\/applicazione\/\" \/>\n<meta property=\"og:locale\" content=\"it_IT\" \/>\n<meta property=\"og:type\" content=\"article\" \/>\n<meta property=\"og:title\" content=\"Rollambia App per sistemi operativi mobili | Download - iOS, Android\" \/>\n<meta property=\"og:description\" content=\"Installa l&#039;app Rollambia Slots su iOS, Android, Windows e macOS per giocare a oltre 6000 giochi da casin\u00f2 ovunque ti trovi. Prestazioni fluide, sincronizzazione dell&#039;account e assistenza 24 ore su 24, 7 giorni su 7: tutto questo su Rollambia.\" \/>\n<meta property=\"og:url\" content=\"https:\/\/rollambiaonline.com\/it\/applicazione\/\" \/>\n<meta property=\"og:site_name\" content=\"rollambia\" \/>\n<meta property=\"article:modified_time\" content=\"2026-02-25T09:15:48+00:00\" \/>\n<meta name=\"twitter:card\" content=\"summary_large_image\" \/>\n<meta name=\"twitter:label1\" content=\"Est. reading time\" \/>\n\t<meta name=\"twitter:data1\" content=\"2 minutes\" \/>\n<script type=\"application\/ld+json\" class=\"yoast-schema-graph\">{\"@context\":\"https:\\\/\\\/schema.org\",\"@graph\":[{\"@type\":\"WebPage\",\"@id\":\"https:\\\/\\\/rollambiaonline.com\\\/it\\\/applicazione\\\/\",\"url\":\"https:\\\/\\\/rollambiaonline.com\\\/it\\\/applicazione\\\/\",\"name\":\"Rollambia App per sistemi operativi mobili | Download - iOS, Android\",\"isPartOf\":{\"@id\":\"https:\\\/\\\/rollambiaonline.com\\\/it\\\/#website\"},\"datePublished\":\"2026-01-20T12:08:23+00:00\",\"dateModified\":\"2026-02-25T09:15:48+00:00\",\"description\":\"Installa l'app Rollambia Slots su iOS, Android, Windows e macOS per giocare a oltre 6000 giochi da casin\u00f2 ovunque ti trovi. Prestazioni fluide, sincronizzazione dell'account e assistenza 24 ore su 24, 7 giorni su 7: tutto questo su Rollambia.\",\"breadcrumb\":{\"@id\":\"https:\\\/\\\/rollambiaonline.com\\\/it\\\/applicazione\\\/#breadcrumb\"},\"inLanguage\":\"it-IT\",\"potentialAction\":[{\"@type\":\"ReadAction\",\"target\":[\"https:\\\/\\\/rollambiaonline.com\\\/it\\\/applicazione\\\/\"]}]},{\"@type\":\"BreadcrumbList\",\"@id\":\"https:\\\/\\\/rollambiaonline.com\\\/it\\\/applicazione\\\/#breadcrumb\",\"itemListElement\":[{\"@type\":\"ListItem\",\"position\":1,\"name\":\"Rollambia\",\"item\":\"https:\\\/\\\/rollambiaonline.com\\\/it\\\/\"},{\"@type\":\"ListItem\",\"position\":2,\"name\":\"Applicazione\"}]},{\"@type\":\"WebSite\",\"@id\":\"https:\\\/\\\/rollambiaonline.com\\\/it\\\/#website\",\"url\":\"https:\\\/\\\/rollambiaonline.com\\\/it\\\/\",\"name\":\"Rollambia\",\"description\":\"\",\"publisher\":{\"@id\":\"https:\\\/\\\/rollambiaonline.com\\\/it\\\/#organization\"},\"potentialAction\":[{\"@type\":\"SearchAction\",\"target\":{\"@type\":\"EntryPoint\",\"urlTemplate\":\"https:\\\/\\\/rollambiaonline.com\\\/it\\\/?s={search_term_string}\"},\"query-input\":{\"@type\":\"PropertyValueSpecification\",\"valueRequired\":true,\"valueName\":\"search_term_string\"}}],\"inLanguage\":\"it-IT\"},{\"@type\":\"Organization\",\"@id\":\"https:\\\/\\\/rollambiaonline.com\\\/it\\\/#organization\",\"name\":\"Rollambia\",\"url\":\"https:\\\/\\\/rollambiaonline.com\\\/it\\\/\",\"logo\":{\"@type\":\"ImageObject\",\"inLanguage\":\"it-IT\",\"@id\":\"https:\\\/\\\/rollambiaonline.com\\\/it\\\/#\\\/schema\\\/logo\\\/image\\\/\",\"url\":\"https:\\\/\\\/rollambiaonline.com\\\/wp-content\\\/uploads\\\/2026\\\/02\\\/Rollambia-logo.png\",\"contentUrl\":\"https:\\\/\\\/rollambiaonline.com\\\/wp-content\\\/uploads\\\/2026\\\/02\\\/Rollambia-logo.png\",\"width\":160,\"height\":40,\"caption\":\"Rollambia\"},\"image\":{\"@id\":\"https:\\\/\\\/rollambiaonline.com\\\/it\\\/#\\\/schema\\\/logo\\\/image\\\/\"}}]}<\/script>\n<!-- \/ Yoast SEO plugin. -->","yoast_head_json":{"title":"Rollambia App per sistemi operativi mobili | Download - iOS, Android","description":"Installa l'app Rollambia Slots su iOS, Android, Windows e macOS per giocare a oltre 6000 giochi da casin\u00f2 ovunque ti trovi. Prestazioni fluide, sincronizzazione dell'account e assistenza 24 ore su 24, 7 giorni su 7: tutto questo su Rollambia.","robots":{"index":"index","follow":"follow","max-snippet":"max-snippet:-1","max-image-preview":"max-image-preview:large","max-video-preview":"max-video-preview:-1"},"canonical":"https:\/\/rollambiaonline.com\/it\/applicazione\/","og_locale":"it_IT","og_type":"article","og_title":"Rollambia App per sistemi operativi mobili | Download - iOS, Android","og_description":"Installa l'app Rollambia Slots su iOS, Android, Windows e macOS per giocare a oltre 6000 giochi da casin\u00f2 ovunque ti trovi. Prestazioni fluide, sincronizzazione dell'account e assistenza 24 ore su 24, 7 giorni su 7: tutto questo su Rollambia.","og_url":"https:\/\/rollambiaonline.com\/it\/applicazione\/","og_site_name":"rollambia","article_modified_time":"2026-02-25T09:15:48+00:00","twitter_card":"summary_large_image","twitter_misc":{"Est. reading time":"2 minutes"},"schema":{"@context":"https:\/\/schema.org","@graph":[{"@type":"WebPage","@id":"https:\/\/rollambiaonline.com\/it\/applicazione\/","url":"https:\/\/rollambiaonline.com\/it\/applicazione\/","name":"Rollambia App per sistemi operativi mobili | Download - iOS, Android","isPartOf":{"@id":"https:\/\/rollambiaonline.com\/it\/#website"},"datePublished":"2026-01-20T12:08:23+00:00","dateModified":"2026-02-25T09:15:48+00:00","description":"Installa l'app Rollambia Slots su iOS, Android, Windows e macOS per giocare a oltre 6000 giochi da casin\u00f2 ovunque ti trovi. Prestazioni fluide, sincronizzazione dell'account e assistenza 24 ore su 24, 7 giorni su 7: tutto questo su Rollambia.","breadcrumb":{"@id":"https:\/\/rollambiaonline.com\/it\/applicazione\/#breadcrumb"},"inLanguage":"it-IT","potentialAction":[{"@type":"ReadAction","target":["https:\/\/rollambiaonline.com\/it\/applicazione\/"]}]},{"@type":"BreadcrumbList","@id":"https:\/\/rollambiaonline.com\/it\/applicazione\/#breadcrumb","itemListElement":[{"@type":"ListItem","position":1,"name":"Rollambia","item":"https:\/\/rollambiaonline.com\/it\/"},{"@type":"ListItem","position":2,"name":"Applicazione"}]},{"@type":"WebSite","@id":"https:\/\/rollambiaonline.com\/it\/#website","url":"https:\/\/rollambiaonline.com\/it\/","name":"Rollambia","description":"","publisher":{"@id":"https:\/\/rollambiaonline.com\/it\/#organization"},"potentialAction":[{"@type":"SearchAction","target":{"@type":"EntryPoint","urlTemplate":"https:\/\/rollambiaonline.com\/it\/?s={search_term_string}"},"query-input":{"@type":"PropertyValueSpecification","valueRequired":true,"valueName":"search_term_string"}}],"inLanguage":"it-IT"},{"@type":"Organization","@id":"https:\/\/rollambiaonline.com\/it\/#organization","name":"Rollambia","url":"https:\/\/rollambiaonline.com\/it\/","logo":{"@type":"ImageObject","inLanguage":"it-IT","@id":"https:\/\/rollambiaonline.com\/it\/#\/schema\/logo\/image\/","url":"https:\/\/rollambiaonline.com\/wp-content\/uploads\/2026\/02\/Rollambia-logo.png","contentUrl":"https:\/\/rollambiaonline.com\/wp-content\/uploads\/2026\/02\/Rollambia-logo.png","width":160,"height":40,"caption":"Rollambia"},"image":{"@id":"https:\/\/rollambiaonline.com\/it\/#\/schema\/logo\/image\/"}}]}},"_links":{"self":[{"href":"https:\/\/rollambiaonline.com\/it\/wp-json\/wp\/v2\/pages\/1445","targetHints":{"allow":["GET"]}}],"collection":[{"href":"https:\/\/rollambiaonline.com\/it\/wp-json\/wp\/v2\/pages"}],"about":[{"href":"https:\/\/rollambiaonline.com\/it\/wp-json\/wp\/v2\/types\/page"}],"author":[{"embeddable":true,"href":"https:\/\/rollambiaonline.com\/it\/wp-json\/wp\/v2\/users\/1"}],"replies":[{"embeddable":true,"href":"https:\/\/rollambiaonline.com\/it\/wp-json\/wp\/v2\/comments?post=1445"}],"version-history":[{"count":3,"href":"https:\/\/rollambiaonline.com\/it\/wp-json\/wp\/v2\/pages\/1445\/revisions"}],"predecessor-version":[{"id":2095,"href":"https:\/\/rollambiaonline.com\/it\/wp-json\/wp\/v2\/pages\/1445\/revisions\/2095"}],"wp:attachment":[{"href":"https:\/\/rollambiaonline.com\/it\/wp-json\/wp\/v2\/media?parent=1445"}],"curies":[{"name":"wp","href":"https:\/\/api.w.org\/{rel}","templated":true}]}}