{"id":1447,"date":"2026-01-20T12:08:23","date_gmt":"2026-01-20T12:08:23","guid":{"rendered":"https:\/\/bonuskongcasino.com\/app\/"},"modified":"2026-02-25T09:35:23","modified_gmt":"2026-02-25T09:35:23","slug":"aplikacja","status":"publish","type":"page","link":"https:\/\/rollambiaonline.com\/pl\/aplikacja\/","title":{"rendered":"Aplikacja"},"content":{"rendered":"<h1>Platforma mobilna Rollambia<\/h1>\n<p>Aplikacja Rollambia dzia\u0142a na urz\u0105dzeniach mobilnych, k\u0142ad\u0105c nacisk na p\u0142ynne dzia\u0142anie. Zapewnia dost\u0119p do biblioteki gier platformy, w tym automat\u00f3w, gier sto\u0142owych, zdrapek i opcji z krupierem na \u017cywo. Wersja mobilna zachowuje standardy bezpiecze\u0144stwa, a jednocze\u015bnie zapewnia prosty interfejs do nawigacji za pomoc\u0105 ekranu dotykowego.<\/p>\n<p>Gracze mog\u0105 uzyska\u0107 dost\u0119p do swoich kont, zarz\u0105dza\u0107 wp\u0142atami i gra\u0107 w gry za pomoc\u0105 telefon\u00f3w lub tablet\u00f3w. Aplikacja obs\u0142uguje nowoczesn\u0105 technologi\u0119 mobiln\u0105, aby zapewni\u0107 prawid\u0142owe dzia\u0142anie gier na r\u00f3\u017cnych urz\u0105dzeniach.<\/p>\n<div class=\"banner-wrap\" aria-label=\"Banner\"><img src=\"https:\/\/rollambiaonline.com\/wp-content\/uploads\/2026\/02\/Rollambia-banner-desktop.webp\" class=\"w-100 d-none d-lg-block img-pc main-banner-img\" alt=\"Rollambia banner desktop\" fetchpriority=\"high\" decoding=\"async\"><img src=\"https:\/\/rollambiaonline.com\/wp-content\/uploads\/2026\/02\/Rollambia-banner-mobile.webp\" class=\"w-100 d-none d-md-block d-lg-none main-banner-img\" alt=\"Rollambia banner mobile\" fetchpriority=\"high\" decoding=\"async\"><img src=\"https:\/\/rollambiaonline.com\/wp-content\/uploads\/2026\/02\/Rollambia-banner-mobile.webp\" class=\"w-100 d-md-none\" alt=\"Rollambia banner mobile\" fetchpriority=\"high\" decoding=\"async\"><div class=\"banner-description\">\n<div class=\"banner-title\">Bonusy powitalne<\/div>\n<p class=\"banner-header-title\">1500 \u20ac<\/p>\n<div class=\"banner-header-AdditionalText\">+ 250 Darmowe spiny<\/div>\n<button data-item=\"homepage_banner_link\" class=\"goto m-button m-gradient-border m-button--primary m-button--large banner-button btn-orange\">\n            <div class=\"m-button-content\">\n                <span>Zarejestruj si\u0119 teraz<\/span>\n                <span><\/span>\n            <\/div>\n        <\/button>\n<\/div>\n<div class=\"WelcomePack\">\n<p><img loading=\"lazy\" decoding=\"async\" class=\"alignnone size-full wp-image-1850\" src=\"https:\/\/rollambiaonline.com\/wp-content\/uploads\/2026\/02\/welcome-crown.png\" alt=\"welcome crown\" width=\"25\" height=\"26\" \/><\/p>\n<div class=\"WelcomePack-Info\">Cotygodniowy zwrot got\u00f3wki do 25%<\/div>\n<p><img loading=\"lazy\" decoding=\"async\" class=\"alignnone size-full wp-image-1850\" src=\"https:\/\/rollambiaonline.com\/wp-content\/uploads\/2026\/02\/welcome-crown.png\" alt=\"welcome crown\" width=\"25\" height=\"26\" \/><\/p>\n<\/div>\n<\/div>\n<h2>Korzystanie z Rollambii na urz\u0105dzeniach mobilnych<\/h2>\n<p>Dedykowana aplikacja ma kilka zalet w por\u00f3wnaniu z gr\u0105 w przegl\u0105darce. Czas \u0142adowania jest zazwyczaj kr\u00f3tszy, a wydajno\u015b\u0107 bardziej stabilna, poniewa\u017c aplikacja jest zoptymalizowana specjalnie pod k\u0105tem urz\u0105dze\u0144 mobilnych. Nawigacja dzia\u0142a p\u0142ynnie dzi\u0119ki sterowaniu dotykowemu, co u\u0142atwia wyszukiwanie gier i dostosowywanie ustawie\u0144.<\/p>\n<p>Funkcje bezpiecze\u0144stwa obejmuj\u0105 powiadomienia o transakcjach i logowaniu, kt\u00f3re pomagaj\u0105 chroni\u0107 informacje o koncie. Aplikacja zazwyczaj dzia\u0142a p\u0142ynniej ni\u017c przegl\u0105darka mobilna i rzadziej wyst\u0119puj\u0105 w niej przerwy w dzia\u0142aniu podczas sesji.<\/p>\n<p>W aplikacji znajdziesz takie funkcje, jak weryfikacja konta, wsparcie przez czat na \u017cywo oraz synchronizacja gier w czasie rzeczywistym. Oznacza to, \u017ce mo\u017cesz obs\u0142ugiwa\u0107 wp\u0142aty, kontaktowa\u0107 si\u0119 z obs\u0142ug\u0105 klienta i zarz\u0105dza\u0107 swoim kontem bez konieczno\u015bci prze\u0142\u0105czania si\u0119 mi\u0119dzy r\u00f3\u017cnymi aplikacjami. Interfejs dostosowuje si\u0119 do r\u00f3\u017cnych rozmiar\u00f3w ekran\u00f3w smartfon\u00f3w i tablet\u00f3w.<\/p>\n<p>Najwa\u017cniejsze informacje o aplikacji Rollambia:<\/p>\n<ul>\n<li>Zarz\u0105dzanie kontem, wp\u0142aty i dost\u0119p do pomocy technicznej \u2013 wszystko to dzia\u0142a w ramach samej aplikacji.<\/li>\n<li>Wydajno\u015b\u0107 pozostaje bardziej stabilna w por\u00f3wnaniu z gr\u0105 w przegl\u0105darce mobilnej.<\/li>\n<li>Interfejs dostosowuje si\u0119 do r\u00f3\u017cnych rozmiar\u00f3w ekran\u00f3w telefon\u00f3w i tablet\u00f3w, co u\u0142atwia korzystanie z niego.<\/li>\n<li>\u015arodki ochrony danych s\u0105 wbudowane w struktur\u0119 aplikacji.<\/li>\n<\/ul>\n<p><div class=\"scrollable-content-wrap my-5\"><div class=\"scrollable-content-inner\"><h2>Aplikacja mobilna Rollambia na Androida<\/h2>\n<p>Wersja Rollambia na Androida wykorzystuje technologi\u0119 progresywnych aplikacji internetowych (PWA) zamiast tradycyjnych plik\u00f3w APK. Dzi\u0119ki temu nie ma potrzeby pobierania du\u017cych plik\u00f3w instalacyjnych bezpo\u015brednio na urz\u0105dzenie, co sprawia, \u017ce proces jest prostszy i potencjalnie bezpieczniejszy.<\/p>\n<p>Dost\u0119p do aplikacji PWA mo\u017cna uzyska\u0107 za po\u015brednictwem przegl\u0105darek Android, takich jak Firefox lub Chrome. Dodanie jej do ekranu g\u0142\u00f3wnego wymaga jednego klikni\u0119cia, a nast\u0119pnie dzia\u0142a ona podobnie jak standardowa aplikacja. Czas \u0142adowania jest kr\u00f3tki, a niekt\u00f3re funkcje dzia\u0142aj\u0105 w trybie offline.<\/p>\n<p>Poniewa\u017c nie jest to plik APK, aktualizacje odbywaj\u0105 si\u0119 automatycznie za po\u015brednictwem przegl\u0105darki. Nie musisz r\u0119cznie pobiera\u0107 nowych wersji \u2014 aplikacja sama aktualizuje si\u0119, dodaj\u0105c nowe funkcje i ulepszenia bezpiecze\u0144stwa. Format PWA zajmuje mniej miejsca, co jest pomocne w przypadku urz\u0105dze\u0144 o ograniczonej pojemno\u015bci. Wszystkie podstawowe funkcje dzia\u0142aj\u0105 w PWA, w tym weryfikacja, bezpieczne transakcje i czat na \u017cywo.<\/p>\n<p><img loading=\"lazy\" decoding=\"async\" class=\"alignnone size-full wp-image-2002\" src=\"https:\/\/rollambiaonline.com\/wp-content\/uploads\/2026\/02\/Rollambia-Android.webp\" alt=\"Rollambia Android\" width=\"1248\" height=\"536\" srcset=\"https:\/\/rollambiaonline.com\/wp-content\/uploads\/2026\/02\/Rollambia-Android.webp 1248w, https:\/\/rollambiaonline.com\/wp-content\/uploads\/2026\/02\/Rollambia-Android-300x129.webp 300w, https:\/\/rollambiaonline.com\/wp-content\/uploads\/2026\/02\/Rollambia-Android-1024x440.webp 1024w, https:\/\/rollambiaonline.com\/wp-content\/uploads\/2026\/02\/Rollambia-Android-768x330.webp 768w\" sizes=\"auto, (max-width: 1248px) 100vw, 1248px\" \/><\/p>\n<\/div><\/div><div style=\"clear: both\"><\/div><div class=\"d-flex justify-content-center\"><button data-item=\"decouvrez_link\" data-group=\"website_links\" class=\"goto fw-bold rounded-pill btn btn-orange\" aria-label=\"Pobierz aplikacj\u0119 Rollambia\" >Pobierz aplikacj\u0119 Rollambia<\/button><\/div><div class=\"scrollable-content-wrap my-5\"><div class=\"scrollable-content-inner\"><h2>Aplikacja mobilna Rollambia na iOS<\/h2>\n<p>U\u017cytkownicy systemu iOS mog\u0105 uzyska\u0107 dost\u0119p do Rollambia za po\u015brednictwem przegl\u0105darek mobilnych, takich jak Safari. Aby uzyska\u0107 szybszy dost\u0119p, mo\u017cna doda\u0107 platform\u0119 do ekranu g\u0142\u00f3wnego. Oto jak to zrobi\u0107:<\/p>\n<ul>\n<li>Znajd\u017a sekcj\u0119 stopki na stronie<\/li>\n<li>Naci\u015bnij przycisk \u201eAplikacja kasyna\u201d, aby rozpocz\u0105\u0107 instalacj\u0119.<\/li>\n<li>Po zainstalowaniu dzia\u0142a jak zwyk\u0142a aplikacja.<\/li>\n<\/ul>\n<p>Po skonfigurowaniu otrzymujesz pe\u0142ny dost\u0119p do biblioteki gier, zarz\u0105dzania kontem i czatu na \u017cywo. Aplikacja internetowa zapewnia bezpiecze\u0144stwo podobne do wersji na komputery stacjonarne. Funkcje obejmuj\u0105 synchronizacj\u0119 gier w czasie rzeczywistym, bezpieczne wp\u0142aty i weryfikacj\u0119 konta. Projekt dostosowuje si\u0119 do urz\u0105dze\u0144 z systemem iOS, zapewniaj\u0105c p\u0142ynn\u0105 rozgrywk\u0119.<\/p>\n<p><img loading=\"lazy\" decoding=\"async\" class=\"alignnone size-full wp-image-2018\" src=\"https:\/\/rollambiaonline.com\/wp-content\/uploads\/2026\/02\/Rollambia-iOS.webp\" alt=\"Rollambia iOS\" width=\"1248\" height=\"536\" srcset=\"https:\/\/rollambiaonline.com\/wp-content\/uploads\/2026\/02\/Rollambia-iOS.webp 1248w, https:\/\/rollambiaonline.com\/wp-content\/uploads\/2026\/02\/Rollambia-iOS-300x129.webp 300w, https:\/\/rollambiaonline.com\/wp-content\/uploads\/2026\/02\/Rollambia-iOS-1024x440.webp 1024w, https:\/\/rollambiaonline.com\/wp-content\/uploads\/2026\/02\/Rollambia-iOS-768x330.webp 768w\" sizes=\"auto, (max-width: 1248px) 100vw, 1248px\" \/><\/p>\n<\/div><\/div><div style=\"clear: both\"><\/div><div class=\"d-flex justify-content-center\"><button data-item=\"decouvrez_link\" data-group=\"website_links\" class=\"goto fw-bold rounded-pill btn btn-orange\" aria-label=\"Pobierz Rollambia\" >Pobierz Rollambia<\/button><\/div><div class=\"scrollable-content-wrap my-5\"><div class=\"scrollable-content-inner\"><h2>Aplikacje dla system\u00f3w Windows i macOS<\/h2>\n<p>U\u017cytkownicy komputer\u00f3w stacjonarnych z systemem Windows lub macOS mog\u0105 uzyska\u0107 dost\u0119p do Rollambia bez konieczno\u015bci instalowania oddzielnego oprogramowania. Platforma dzia\u0142a za po\u015brednictwem przegl\u0105darki internetowej z opcj\u0105 tworzenia skr\u00f3t\u00f3w na pulpicie:<\/p>\n<ol>\n<li>U\u017cytkownicy komputer\u00f3w Mac: u\u017cyj przegl\u0105darki Safari lub Chrome, a nast\u0119pnie wybierz opcj\u0119 menu \u201eDodaj\u201d.<\/li>\n<li>U\u017cytkownicy systemu Windows: Otw\u00f3rz przegl\u0105dark\u0119, przejd\u017a do strony g\u0142\u00f3wnej Rollambia, kliknij menu z trzema kropkami i wybierz opcj\u0119 \u201eDodaj do pulpitu\u201d.<\/li>\n<\/ol>\n<table>\n<tbody>\n<tr>\n<td>Funkcja<\/td>\n<td>Wersja na komputery stacjonarne<\/td>\n<td>Korzy\u015bci<\/td>\n<\/tr>\n<tr>\n<td>Do\u015bwiadczenie w grach<\/td>\n<td>Wzbogacony o szczeg\u00f3\u0142ow\u0105 grafik\u0119 i prost\u0105 nawigacj\u0119<\/td>\n<td>Wysokiej jako\u015bci grafika i przyjazny dla u\u017cytkownika interfejs<\/td>\n<\/tr>\n<tr>\n<td>Us\u0142ugi czatu na \u017cywo<\/td>\n<td>Dost\u0119pne<\/td>\n<td>Natychmiastowe wsparcie i pomoc<\/td>\n<\/tr>\n<tr>\n<td>Bezpieczne zarz\u0105dzanie kontem<\/td>\n<td>Tak<\/td>\n<td>Chroni konta u\u017cytkownik\u00f3w i informacje finansowe<\/td>\n<\/tr>\n<tr>\n<td>Procedura weryfikacyjna<\/td>\n<td>Przed wycofaniem<\/td>\n<td>Zapewnia bezpiecze\u0144stwo i prawid\u0142owe zarz\u0105dzanie kontem.<\/td>\n<\/tr>\n<\/tbody>\n<\/table>\n<p><img loading=\"lazy\" decoding=\"async\" class=\"alignnone size-full wp-image-2010\" src=\"https:\/\/rollambiaonline.com\/wp-content\/uploads\/2026\/02\/Rollambia-Desktop.webp\" alt=\"Rollambia Desktop\" width=\"1248\" height=\"536\" srcset=\"https:\/\/rollambiaonline.com\/wp-content\/uploads\/2026\/02\/Rollambia-Desktop.webp 1248w, https:\/\/rollambiaonline.com\/wp-content\/uploads\/2026\/02\/Rollambia-Desktop-300x129.webp 300w, https:\/\/rollambiaonline.com\/wp-content\/uploads\/2026\/02\/Rollambia-Desktop-1024x440.webp 1024w, https:\/\/rollambiaonline.com\/wp-content\/uploads\/2026\/02\/Rollambia-Desktop-768x330.webp 768w\" sizes=\"auto, (max-width: 1248px) 100vw, 1248px\" \/><\/p>\n<\/div><\/div><div style=\"clear: both\"><\/div><div class=\"d-flex justify-content-center\"><button data-item=\"decouvrez_link\" data-group=\"website_links\" class=\"goto fw-bold rounded-pill btn btn-orange\" aria-label=\"Pobierz aplikacj\u0119 Rollambia\" >Pobierz aplikacj\u0119 Rollambia<\/button><\/div><div class=\"scrollable-content-wrap my-5\"><div class=\"scrollable-content-inner\"><h2>FAQ<\/h2>\n<h3>Jak mog\u0119 zaktualizowa\u0107 aplikacj\u0119 Rollambia Casino?<\/h3>\n<p>Aplikacja Rollambia, a w szczeg\u00f3lno\u015bci wersja PWA, aktualizuje si\u0119 automatycznie za po\u015brednictwem przegl\u0105darki. Oznacza to, \u017ce zawsze b\u0119dziesz mie\u0107 dost\u0119p do aktualnych funkcji i poprawek bezpiecze\u0144stwa bez konieczno\u015bci r\u0119cznej interwencji. Skr\u00f3ty na pulpicie \u0142\u0105cz\u0105 si\u0119 z najnowsz\u0105 wersj\u0105 online, wi\u0119c nie wymagaj\u0105 oddzielnych aktualizacji. Proces aktualizacji odbywa si\u0119 w tle bez konieczno\u015bci ponownej instalacji.<\/p>\n<h3>Czy aplikacja Rollambia Casino oferuje obs\u0142ug\u0119 klienta?<\/h3>\n<p>Pomoc techniczna na czacie na \u017cywo dzia\u0142a w ramach aplikacji, zapewniaj\u0105c bezpo\u015bredni dost\u0119p do zespo\u0142u pomocy technicznej. Dost\u0119pno\u015b\u0107 przez ca\u0142\u0105 dob\u0119 oznacza, \u017ce mo\u017cesz uzyska\u0107 pomoc w przypadku problem\u00f3w technicznych lub pyta\u0144 dotycz\u0105cych konta w dowolnym momencie, niezale\u017cnie od strefy czasowej.<\/p>\n<h3>Czy do korzystania z aplikacji Rollambia konieczne jest utworzenie konta?<\/h3>\n<p>Aby uzyska\u0107 dost\u0119p do pe\u0142nej oferty gier, zarz\u0105dza\u0107 wp\u0142atami i zako\u0144czy\u0107 weryfikacj\u0119, potrzebujesz konta. Rejestracja odbywa si\u0119 za po\u015brednictwem aplikacji lub strony internetowej. Interfejs aplikacji cz\u0119sto sprawia, \u017ce proces rejestracji przebiega szybciej ni\u017c w przypadku korzystania z komputera stacjonarnego.<\/p>\n<\/div><\/div><\/p>\n","protected":false},"excerpt":{"rendered":"<p>Platforma mobilna Rollambia Aplikacja Rollambia dzia\u0142a na urz\u0105dzeniach mobilnych, k\u0142ad\u0105c nacisk na p\u0142ynne dzia\u0142anie. Zapewnia dost\u0119p do biblioteki gier platformy, w tym automat\u00f3w, gier sto\u0142owych, zdrapek i opcji z krupierem na \u017cywo. Wersja mobilna zachowuje standardy bezpiecze\u0144stwa, a jednocze\u015bnie zapewnia prosty interfejs do nawigacji za pomoc\u0105 ekranu dotykowego. Gracze mog\u0105 uzyska\u0107 dost\u0119p do swoich kont, [&hellip;]<\/p>\n","protected":false},"author":1,"featured_media":0,"parent":0,"menu_order":0,"comment_status":"closed","ping_status":"closed","template":"template-builder.php","meta":{"_acf_changed":false,"inline_featured_image":false,"footnotes":""},"class_list":["post-1447","page","type-page","status-publish","hentry"],"acf":[],"yoast_head":"<!-- This site is optimized with the Yoast SEO plugin v27.3 - https:\/\/yoast.com\/product\/yoast-seo-wordpress\/ -->\n<title>Rollambia Aplikacja dla system\u00f3w operacyjnych urz\u0105dze\u0144 mobilnych | Pobierz \u2013 iOS, Android<\/title>\n<meta name=\"description\" content=\"Zainstaluj aplikacj\u0119 Rollambia Slots na iOS, Androidzie, Windowsie i macOS, \u017ceby gra\u0107 w ponad 6000 gier kasynowych gdziekolwiek jeste\u015b. P\u0142ynne dzia\u0142anie, synchronizacja konta i wsparcie 24\/7 \u2013 wszystko w Rollambia.\" \/>\n<meta name=\"robots\" content=\"index, follow, max-snippet:-1, max-image-preview:large, max-video-preview:-1\" \/>\n<link rel=\"canonical\" href=\"https:\/\/rollambiaonline.com\/pl\/aplikacja\/\" \/>\n<meta property=\"og:locale\" content=\"pl_PL\" \/>\n<meta property=\"og:type\" content=\"article\" \/>\n<meta property=\"og:title\" content=\"Rollambia Aplikacja dla system\u00f3w operacyjnych urz\u0105dze\u0144 mobilnych | Pobierz \u2013 iOS, Android\" \/>\n<meta property=\"og:description\" content=\"Zainstaluj aplikacj\u0119 Rollambia Slots na iOS, Androidzie, Windowsie i macOS, \u017ceby gra\u0107 w ponad 6000 gier kasynowych gdziekolwiek jeste\u015b. P\u0142ynne dzia\u0142anie, synchronizacja konta i wsparcie 24\/7 \u2013 wszystko w Rollambia.\" \/>\n<meta property=\"og:url\" content=\"https:\/\/rollambiaonline.com\/pl\/aplikacja\/\" \/>\n<meta property=\"og:site_name\" content=\"rollambia\" \/>\n<meta property=\"article:modified_time\" content=\"2026-02-25T09:35:23+00:00\" \/>\n<meta name=\"twitter:card\" content=\"summary_large_image\" \/>\n<meta name=\"twitter:label1\" content=\"Est. reading time\" \/>\n\t<meta name=\"twitter:data1\" content=\"2 minutes\" \/>\n<script type=\"application\/ld+json\" class=\"yoast-schema-graph\">{\"@context\":\"https:\\\/\\\/schema.org\",\"@graph\":[{\"@type\":\"WebPage\",\"@id\":\"https:\\\/\\\/rollambiaonline.com\\\/pl\\\/aplikacja\\\/\",\"url\":\"https:\\\/\\\/rollambiaonline.com\\\/pl\\\/aplikacja\\\/\",\"name\":\"Rollambia Aplikacja dla system\u00f3w operacyjnych urz\u0105dze\u0144 mobilnych | Pobierz \u2013 iOS, Android\",\"isPartOf\":{\"@id\":\"https:\\\/\\\/rollambiaonline.com\\\/pl\\\/#website\"},\"datePublished\":\"2026-01-20T12:08:23+00:00\",\"dateModified\":\"2026-02-25T09:35:23+00:00\",\"description\":\"Zainstaluj aplikacj\u0119 Rollambia Slots na iOS, Androidzie, Windowsie i macOS, \u017ceby gra\u0107 w ponad 6000 gier kasynowych gdziekolwiek jeste\u015b. P\u0142ynne dzia\u0142anie, synchronizacja konta i wsparcie 24\\\/7 \u2013 wszystko w Rollambia.\",\"breadcrumb\":{\"@id\":\"https:\\\/\\\/rollambiaonline.com\\\/pl\\\/aplikacja\\\/#breadcrumb\"},\"inLanguage\":\"pl-PL\",\"potentialAction\":[{\"@type\":\"ReadAction\",\"target\":[\"https:\\\/\\\/rollambiaonline.com\\\/pl\\\/aplikacja\\\/\"]}]},{\"@type\":\"BreadcrumbList\",\"@id\":\"https:\\\/\\\/rollambiaonline.com\\\/pl\\\/aplikacja\\\/#breadcrumb\",\"itemListElement\":[{\"@type\":\"ListItem\",\"position\":1,\"name\":\"Rollambia\",\"item\":\"https:\\\/\\\/rollambiaonline.com\\\/pl\\\/\"},{\"@type\":\"ListItem\",\"position\":2,\"name\":\"Aplikacja\"}]},{\"@type\":\"WebSite\",\"@id\":\"https:\\\/\\\/rollambiaonline.com\\\/pl\\\/#website\",\"url\":\"https:\\\/\\\/rollambiaonline.com\\\/pl\\\/\",\"name\":\"Rollambia\",\"description\":\"\",\"publisher\":{\"@id\":\"https:\\\/\\\/rollambiaonline.com\\\/pl\\\/#organization\"},\"potentialAction\":[{\"@type\":\"SearchAction\",\"target\":{\"@type\":\"EntryPoint\",\"urlTemplate\":\"https:\\\/\\\/rollambiaonline.com\\\/pl\\\/?s={search_term_string}\"},\"query-input\":{\"@type\":\"PropertyValueSpecification\",\"valueRequired\":true,\"valueName\":\"search_term_string\"}}],\"inLanguage\":\"pl-PL\"},{\"@type\":\"Organization\",\"@id\":\"https:\\\/\\\/rollambiaonline.com\\\/pl\\\/#organization\",\"name\":\"Rollambia\",\"url\":\"https:\\\/\\\/rollambiaonline.com\\\/pl\\\/\",\"logo\":{\"@type\":\"ImageObject\",\"inLanguage\":\"pl-PL\",\"@id\":\"https:\\\/\\\/rollambiaonline.com\\\/pl\\\/#\\\/schema\\\/logo\\\/image\\\/\",\"url\":\"https:\\\/\\\/rollambiaonline.com\\\/wp-content\\\/uploads\\\/2026\\\/02\\\/Rollambia-logo.png\",\"contentUrl\":\"https:\\\/\\\/rollambiaonline.com\\\/wp-content\\\/uploads\\\/2026\\\/02\\\/Rollambia-logo.png\",\"width\":160,\"height\":40,\"caption\":\"Rollambia\"},\"image\":{\"@id\":\"https:\\\/\\\/rollambiaonline.com\\\/pl\\\/#\\\/schema\\\/logo\\\/image\\\/\"}}]}<\/script>\n<!-- \/ Yoast SEO plugin. -->","yoast_head_json":{"title":"Rollambia Aplikacja dla system\u00f3w operacyjnych urz\u0105dze\u0144 mobilnych | Pobierz \u2013 iOS, Android","description":"Zainstaluj aplikacj\u0119 Rollambia Slots na iOS, Androidzie, Windowsie i macOS, \u017ceby gra\u0107 w ponad 6000 gier kasynowych gdziekolwiek jeste\u015b. P\u0142ynne dzia\u0142anie, synchronizacja konta i wsparcie 24\/7 \u2013 wszystko w Rollambia.","robots":{"index":"index","follow":"follow","max-snippet":"max-snippet:-1","max-image-preview":"max-image-preview:large","max-video-preview":"max-video-preview:-1"},"canonical":"https:\/\/rollambiaonline.com\/pl\/aplikacja\/","og_locale":"pl_PL","og_type":"article","og_title":"Rollambia Aplikacja dla system\u00f3w operacyjnych urz\u0105dze\u0144 mobilnych | Pobierz \u2013 iOS, Android","og_description":"Zainstaluj aplikacj\u0119 Rollambia Slots na iOS, Androidzie, Windowsie i macOS, \u017ceby gra\u0107 w ponad 6000 gier kasynowych gdziekolwiek jeste\u015b. P\u0142ynne dzia\u0142anie, synchronizacja konta i wsparcie 24\/7 \u2013 wszystko w Rollambia.","og_url":"https:\/\/rollambiaonline.com\/pl\/aplikacja\/","og_site_name":"rollambia","article_modified_time":"2026-02-25T09:35:23+00:00","twitter_card":"summary_large_image","twitter_misc":{"Est. reading time":"2 minutes"},"schema":{"@context":"https:\/\/schema.org","@graph":[{"@type":"WebPage","@id":"https:\/\/rollambiaonline.com\/pl\/aplikacja\/","url":"https:\/\/rollambiaonline.com\/pl\/aplikacja\/","name":"Rollambia Aplikacja dla system\u00f3w operacyjnych urz\u0105dze\u0144 mobilnych | Pobierz \u2013 iOS, Android","isPartOf":{"@id":"https:\/\/rollambiaonline.com\/pl\/#website"},"datePublished":"2026-01-20T12:08:23+00:00","dateModified":"2026-02-25T09:35:23+00:00","description":"Zainstaluj aplikacj\u0119 Rollambia Slots na iOS, Androidzie, Windowsie i macOS, \u017ceby gra\u0107 w ponad 6000 gier kasynowych gdziekolwiek jeste\u015b. P\u0142ynne dzia\u0142anie, synchronizacja konta i wsparcie 24\/7 \u2013 wszystko w Rollambia.","breadcrumb":{"@id":"https:\/\/rollambiaonline.com\/pl\/aplikacja\/#breadcrumb"},"inLanguage":"pl-PL","potentialAction":[{"@type":"ReadAction","target":["https:\/\/rollambiaonline.com\/pl\/aplikacja\/"]}]},{"@type":"BreadcrumbList","@id":"https:\/\/rollambiaonline.com\/pl\/aplikacja\/#breadcrumb","itemListElement":[{"@type":"ListItem","position":1,"name":"Rollambia","item":"https:\/\/rollambiaonline.com\/pl\/"},{"@type":"ListItem","position":2,"name":"Aplikacja"}]},{"@type":"WebSite","@id":"https:\/\/rollambiaonline.com\/pl\/#website","url":"https:\/\/rollambiaonline.com\/pl\/","name":"Rollambia","description":"","publisher":{"@id":"https:\/\/rollambiaonline.com\/pl\/#organization"},"potentialAction":[{"@type":"SearchAction","target":{"@type":"EntryPoint","urlTemplate":"https:\/\/rollambiaonline.com\/pl\/?s={search_term_string}"},"query-input":{"@type":"PropertyValueSpecification","valueRequired":true,"valueName":"search_term_string"}}],"inLanguage":"pl-PL"},{"@type":"Organization","@id":"https:\/\/rollambiaonline.com\/pl\/#organization","name":"Rollambia","url":"https:\/\/rollambiaonline.com\/pl\/","logo":{"@type":"ImageObject","inLanguage":"pl-PL","@id":"https:\/\/rollambiaonline.com\/pl\/#\/schema\/logo\/image\/","url":"https:\/\/rollambiaonline.com\/wp-content\/uploads\/2026\/02\/Rollambia-logo.png","contentUrl":"https:\/\/rollambiaonline.com\/wp-content\/uploads\/2026\/02\/Rollambia-logo.png","width":160,"height":40,"caption":"Rollambia"},"image":{"@id":"https:\/\/rollambiaonline.com\/pl\/#\/schema\/logo\/image\/"}}]}},"_links":{"self":[{"href":"https:\/\/rollambiaonline.com\/pl\/wp-json\/wp\/v2\/pages\/1447","targetHints":{"allow":["GET"]}}],"collection":[{"href":"https:\/\/rollambiaonline.com\/pl\/wp-json\/wp\/v2\/pages"}],"about":[{"href":"https:\/\/rollambiaonline.com\/pl\/wp-json\/wp\/v2\/types\/page"}],"author":[{"embeddable":true,"href":"https:\/\/rollambiaonline.com\/pl\/wp-json\/wp\/v2\/users\/1"}],"replies":[{"embeddable":true,"href":"https:\/\/rollambiaonline.com\/pl\/wp-json\/wp\/v2\/comments?post=1447"}],"version-history":[{"count":3,"href":"https:\/\/rollambiaonline.com\/pl\/wp-json\/wp\/v2\/pages\/1447\/revisions"}],"predecessor-version":[{"id":2103,"href":"https:\/\/rollambiaonline.com\/pl\/wp-json\/wp\/v2\/pages\/1447\/revisions\/2103"}],"wp:attachment":[{"href":"https:\/\/rollambiaonline.com\/pl\/wp-json\/wp\/v2\/media?parent=1447"}],"curies":[{"name":"wp","href":"https:\/\/api.w.org\/{rel}","templated":true}]}}